{"id":15662,"date":"2022-02-18T15:52:26","date_gmt":"2022-02-18T14:52:26","guid":{"rendered":"https:\/\/eqos-gruppe.com\/downloads\/"},"modified":"2025-04-30T09:48:35","modified_gmt":"2025-04-30T08:48:35","slug":"downloads","status":"publish","type":"page","link":"https:\/\/eqos-gruppe.com\/nl\/downloads\/","title":{"rendered":"Downloads"},"content":{"rendered":"\t\t<div data-elementor-type=\"wp-page\" data-elementor-id=\"15662\" class=\"elementor elementor-15662 elementor-7584\" data-elementor-post-type=\"page\">\n\t\t\t\t\t\t<section class=\"elementor-section elementor-top-section elementor-element elementor-element-75b71e27 elementor-section-height-min-height elementor-section-items-bottom elementor-section-boxed elementor-section-height-default\" data-id=\"75b71e27\" data-element_type=\"section\" data-e-type=\"section\" data-settings=\"{&quot;background_background&quot;:&quot;classic&quot;}\">\n\t\t\t\t\t\t<div class=\"elementor-container elementor-column-gap-default\">\n\t\t\t\t\t<div class=\"elementor-column elementor-col-100 elementor-top-column elementor-element elementor-element-3d1bed28\" data-id=\"3d1bed28\" data-element_type=\"column\" data-e-type=\"column\" data-settings=\"{&quot;background_background&quot;:&quot;classic&quot;}\">\n\t\t\t<div class=\"elementor-widget-wrap elementor-element-populated\">\n\t\t\t\t\t\t<div class=\"elementor-element elementor-element-6382b318 elementor-widget elementor-widget-heading\" data-id=\"6382b318\" data-element_type=\"widget\" data-e-type=\"widget\" id=\"landing-page-hero\" data-widget_type=\"heading.default\">\n\t\t\t\t<div class=\"elementor-widget-container\">\n\t\t\t\t\t<h1 class=\"elementor-heading-title elementor-size-xl\">Downloads<\/h1>\t\t\t\t<\/div>\n\t\t\t\t<\/div>\n\t\t\t\t\t<\/div>\n\t\t<\/div>\n\t\t\t\t\t<\/div>\n\t\t<\/section>\n\t\t\t\t<section class=\"elementor-section elementor-top-section elementor-element elementor-element-510363f1 elementor-section-boxed elementor-section-height-default elementor-section-height-default\" data-id=\"510363f1\" data-element_type=\"section\" data-e-type=\"section\">\n\t\t\t\t\t\t<div class=\"elementor-container elementor-column-gap-default\">\n\t\t\t\t\t<div class=\"elementor-column elementor-col-100 elementor-top-column elementor-element elementor-element-68419aec\" data-id=\"68419aec\" data-element_type=\"column\" data-e-type=\"column\">\n\t\t\t<div class=\"elementor-widget-wrap elementor-element-populated\">\n\t\t\t\t\t\t<div class=\"elementor-element elementor-element-372742f6 elementor-widget elementor-widget-breadcrumbs\" data-id=\"372742f6\" data-element_type=\"widget\" data-e-type=\"widget\" data-widget_type=\"breadcrumbs.default\">\n\t\t\t\t<div class=\"elementor-widget-container\">\n\t\t\t\t\t<p id=\"breadcrumbs\"><span><span><a href=\"https:\/\/eqos-gruppe.com\/nl\/\">Home<\/a><\/span><\/span><\/p>\t\t\t\t<\/div>\n\t\t\t\t<\/div>\n\t\t\t\t\t<\/div>\n\t\t<\/div>\n\t\t\t\t\t<\/div>\n\t\t<\/section>\n\t\t\t\t<section class=\"elementor-section elementor-top-section elementor-element elementor-element-a9fb614 elementor-section-boxed elementor-section-height-default elementor-section-height-default\" data-id=\"a9fb614\" data-element_type=\"section\" data-e-type=\"section\">\n\t\t\t\t\t\t<div class=\"elementor-container elementor-column-gap-default\">\n\t\t\t\t\t<div class=\"elementor-column elementor-col-100 elementor-top-column elementor-element elementor-element-e12706d\" data-id=\"e12706d\" data-element_type=\"column\" data-e-type=\"column\">\n\t\t\t<div class=\"elementor-widget-wrap elementor-element-populated\">\n\t\t\t\t\t\t<div class=\"elementor-element elementor-element-02ce085 elementor-widget elementor-widget-text-editor\" data-id=\"02ce085\" data-element_type=\"widget\" data-e-type=\"widget\" data-widget_type=\"text-editor.default\">\n\t\t\t\t<div class=\"elementor-widget-container\">\n\t\t\t\t\t\t\t\t\t<p>Bent u op zoek naar specifieke documenten in verband met EQOS? Dan bent u in de downloadrubriek aan het juiste adres. Als u informatiebladen of afbeeldingen nodig hebt, kunt u die vinden in onze <a href=\"https:\/\/eqos-gruppe.com\/presse\/mediacenter\/\"><span style=\"color: #f9423a\">mediacenter<\/span><\/a>.<\/p><p>Meer informatie over onze software MESPROVE voor evaluatie en documentatie van RF- en OTDR-meetcurves vindt u op onze <a href=\"https:\/\/eqos-kommunikation.com\/funk-loesungen\/mobilfunk\/\">EQOS Kommunikation pagina<\/a>. Klik <a href=\"http:\/\/www.eqos-kommunikation.com\/mesprove\">hier<\/a> voor een directe download van de testversie.<\/p>\t\t\t\t\t\t\t\t<\/div>\n\t\t\t\t<\/div>\n\t\t\t\t\t<\/div>\n\t\t<\/div>\n\t\t\t\t\t<\/div>\n\t\t<\/section>\n\t\t\t\t<section class=\"elementor-section elementor-top-section elementor-element elementor-element-aef935e elementor-section-boxed elementor-section-height-default elementor-section-height-default\" data-id=\"aef935e\" data-element_type=\"section\" data-e-type=\"section\">\n\t\t\t\t\t\t<div class=\"elementor-container elementor-column-gap-default\">\n\t\t\t\t\t<div class=\"elementor-column elementor-col-50 elementor-top-column elementor-element elementor-element-650bede\" data-id=\"650bede\" data-element_type=\"column\" data-e-type=\"column\">\n\t\t\t<div class=\"elementor-widget-wrap elementor-element-populated\">\n\t\t\t\t\t\t<div class=\"elementor-element elementor-element-37eac64 elementor-widget elementor-widget-heading\" data-id=\"37eac64\" data-element_type=\"widget\" data-e-type=\"widget\" data-widget_type=\"heading.default\">\n\t\t\t\t<div class=\"elementor-widget-container\">\n\t\t\t\t\t<h2 class=\"elementor-heading-title elementor-size-default\">Brochures en flyers<\/h2>\t\t\t\t<\/div>\n\t\t\t\t<\/div>\n\t\t\t\t<div class=\"elementor-element elementor-element-ec0eb1b elementor-icon-list--layout-traditional elementor-list-item-link-full_width elementor-widget elementor-widget-icon-list\" data-id=\"ec0eb1b\" data-element_type=\"widget\" data-e-type=\"widget\" data-widget_type=\"icon-list.default\">\n\t\t\t\t<div class=\"elementor-widget-container\">\n\t\t\t\t\t\t\t<ul class=\"elementor-icon-list-items\">\n\t\t\t\t\t\t\t<li class=\"elementor-icon-list-item\">\n\t\t\t\t\t\t\t\t\t\t\t<a href=\"https:\/\/eqos-gruppe.com\/wp-content\/uploads\/2024\/07\/240614_Produktblatt_Auswertungssoftware.pdf\">\n\n\t\t\t\t\t\t\t\t\t\t\t\t<span class=\"elementor-icon-list-icon\">\n\t\t\t\t\t\t\t<i aria-hidden=\"true\" class=\"far fa-file-pdf\"><\/i>\t\t\t\t\t\t<\/span>\n\t\t\t\t\t\t\t\t\t\t<span class=\"elementor-icon-list-text\">Produktblatt Anwendungssoftware MESPROVE (de)<\/span>\n\t\t\t\t\t\t\t\t\t\t\t<\/a>\n\t\t\t\t\t\t\t\t\t<\/li>\n\t\t\t\t\t\t\t\t<li class=\"elementor-icon-list-item\">\n\t\t\t\t\t\t\t\t\t\t\t<a href=\"https:\/\/eqos-gruppe.com\/wp-content\/uploads\/2022\/05\/EQOS-Energie-Notgestaenge-DE.pdf\">\n\n\t\t\t\t\t\t\t\t\t\t\t\t<span class=\"elementor-icon-list-icon\">\n\t\t\t\t\t\t\t<i aria-hidden=\"true\" class=\"far fa-file-pdf\"><\/i>\t\t\t\t\t\t<\/span>\n\t\t\t\t\t\t\t\t\t\t<span class=\"elementor-icon-list-text\">Produktblatt Notgest\u00e4nge (de)<\/span>\n\t\t\t\t\t\t\t\t\t\t\t<\/a>\n\t\t\t\t\t\t\t\t\t<\/li>\n\t\t\t\t\t\t\t\t<li class=\"elementor-icon-list-item\">\n\t\t\t\t\t\t\t\t\t\t\t<a href=\"https:\/\/eqos-gruppe.com\/wp-content\/uploads\/2022\/05\/EQOS-Energie-Turrix_DE.pdf\">\n\n\t\t\t\t\t\t\t\t\t\t\t\t<span class=\"elementor-icon-list-icon\">\n\t\t\t\t\t\t\t<i aria-hidden=\"true\" class=\"far fa-file-pdf\"><\/i>\t\t\t\t\t\t<\/span>\n\t\t\t\t\t\t\t\t\t\t<span class=\"elementor-icon-list-text\">Produktblatt Turrix (de)<\/span>\n\t\t\t\t\t\t\t\t\t\t\t<\/a>\n\t\t\t\t\t\t\t\t\t<\/li>\n\t\t\t\t\t\t\t\t<li class=\"elementor-icon-list-item\">\n\t\t\t\t\t\t\t\t\t\t\t<a href=\"https:\/\/eqos-gruppe.com\/wp-content\/uploads\/2022\/10\/HOMAR04005-EQOS-Gesamtbroschuere.pdf\">\n\n\t\t\t\t\t\t\t\t\t\t\t\t<span class=\"elementor-icon-list-icon\">\n\t\t\t\t\t\t\t<i aria-hidden=\"true\" class=\"far fa-file-pdf\"><\/i>\t\t\t\t\t\t<\/span>\n\t\t\t\t\t\t\t\t\t\t<span class=\"elementor-icon-list-text\">Brosch\u00fcre Ganzeitliche L\u00f6sungen f\u00fcr die Infrastruktur von morgen (de)<\/span>\n\t\t\t\t\t\t\t\t\t\t\t<\/a>\n\t\t\t\t\t\t\t\t\t<\/li>\n\t\t\t\t\t\t\t\t<li class=\"elementor-icon-list-item\">\n\t\t\t\t\t\t\t\t\t\t\t<a href=\"https:\/\/eqos-gruppe.com\/wp-content\/uploads\/2022\/05\/171023_EQOS-Energie-Mobile-Antennentraeger-DE.pdf\">\n\n\t\t\t\t\t\t\t\t\t\t\t\t<span class=\"elementor-icon-list-icon\">\n\t\t\t\t\t\t\t<i aria-hidden=\"true\" class=\"far fa-file-pdf\"><\/i>\t\t\t\t\t\t<\/span>\n\t\t\t\t\t\t\t\t\t\t<span class=\"elementor-icon-list-text\">Produktblatt Mobile Antennentr\u00e4ger (de)<\/span>\n\t\t\t\t\t\t\t\t\t\t\t<\/a>\n\t\t\t\t\t\t\t\t\t<\/li>\n\t\t\t\t\t\t\t\t<li class=\"elementor-icon-list-item\">\n\t\t\t\t\t\t\t\t\t\t\t<a href=\"https:\/\/eqos-gruppe.com\/wp-content\/uploads\/2022\/11\/HOCMS06010_Broschuere-Compliance-EQOS-DE.pdf\">\n\n\t\t\t\t\t\t\t\t\t\t\t\t<span class=\"elementor-icon-list-icon\">\n\t\t\t\t\t\t\t<i aria-hidden=\"true\" class=\"far fa-file-pdf\"><\/i>\t\t\t\t\t\t<\/span>\n\t\t\t\t\t\t\t\t\t\t<span class=\"elementor-icon-list-text\">Compliance Brosch\u00fcre \"Richtig handeln\" (de)<\/span>\n\t\t\t\t\t\t\t\t\t\t\t<\/a>\n\t\t\t\t\t\t\t\t\t<\/li>\n\t\t\t\t\t\t<\/ul>\n\t\t\t\t\t\t<\/div>\n\t\t\t\t<\/div>\n\t\t\t\t\t<\/div>\n\t\t<\/div>\n\t\t\t\t<div class=\"elementor-column elementor-col-50 elementor-top-column elementor-element elementor-element-83af020\" data-id=\"83af020\" data-element_type=\"column\" data-e-type=\"column\">\n\t\t\t<div class=\"elementor-widget-wrap\">\n\t\t\t\t\t\t\t<\/div>\n\t\t<\/div>\n\t\t\t\t\t<\/div>\n\t\t<\/section>\n\t\t\t\t<section class=\"elementor-section elementor-top-section elementor-element elementor-element-2fe1019a elementor-section-boxed elementor-section-height-default elementor-section-height-default\" data-id=\"2fe1019a\" data-element_type=\"section\" data-e-type=\"section\" data-settings=\"{&quot;background_background&quot;:&quot;classic&quot;}\">\n\t\t\t\t\t\t<div class=\"elementor-container elementor-column-gap-default\">\n\t\t\t\t\t<div class=\"elementor-column elementor-col-100 elementor-top-column elementor-element elementor-element-e236fc2\" data-id=\"e236fc2\" data-element_type=\"column\" data-e-type=\"column\">\n\t\t\t<div class=\"elementor-widget-wrap elementor-element-populated\">\n\t\t\t\t\t\t<div class=\"elementor-element elementor-element-1c88b8c2 elementor-widget elementor-widget-text-editor\" data-id=\"1c88b8c2\" data-element_type=\"widget\" data-e-type=\"widget\" data-widget_type=\"text-editor.default\">\n\t\t\t\t<div class=\"elementor-widget-container\">\n\t\t\t\t\t\t\t\t\t<p style=\"text-align: center\"><span style=\"color: #333333\">Wilt u meer weten?<\/span><\/p>\t\t\t\t\t\t\t\t<\/div>\n\t\t\t\t<\/div>\n\t\t\t\t<div class=\"elementor-element elementor-element-7a86e3cc elementor-align-center elementor-widget elementor-widget-button\" data-id=\"7a86e3cc\" data-element_type=\"widget\" data-e-type=\"widget\" data-widget_type=\"button.default\">\n\t\t\t\t<div class=\"elementor-widget-container\">\n\t\t\t\t\t\t\t\t\t<div class=\"elementor-button-wrapper\">\n\t\t\t\t\t<a class=\"elementor-button elementor-button-link elementor-size-md\" href=\"https:\/\/eqos-gruppe.com\/nl\/contact\/?bereich=unternehmen\">\n\t\t\t\t\t\t<span class=\"elementor-button-content-wrapper\">\n\t\t\t\t\t\t\t\t\t<span class=\"elementor-button-text\">naar het contactformulier<\/span>\n\t\t\t\t\t<\/span>\n\t\t\t\t\t<\/a>\n\t\t\t\t<\/div>\n\t\t\t\t\t\t\t\t<\/div>\n\t\t\t\t<\/div>\n\t\t\t\t\t<\/div>\n\t\t<\/div>\n\t\t\t\t\t<\/div>\n\t\t<\/section>\n\t\t\t\t<\/div>\n\t\t","protected":false},"excerpt":{"rendered":"<p>Bent u op zoek naar specifieke documenten in verband met EQOS? Dan bent u in de downloadrubriek aan het juiste adres. Als u informatiebladen of afbeeldingen nodig hebt, kunt u die vinden in onze mediacenter. Meer informatie over onze software MESPROVE voor evaluatie en documentatie van RF- en OTDR-meetcurves vindt u op onze EQOS Kommunikation&#8230;<\/p>\n","protected":false},"author":1,"featured_media":14293,"parent":0,"menu_order":0,"comment_status":"closed","ping_status":"closed","template":"r-energy-elementor-page.php","meta":{"_acf_changed":false,"footnotes":""},"class_list":{"0":"post-15662","1":"page","2":"type-page","3":"status-publish","4":"has-post-thumbnail","5":"hentry","6":"nt-post-class","7":"","8":"masonry-item","9":"col-lg-4","13":"excerpt-none"},"acf":[],"yoast_head":"<!-- This site is optimized with the Yoast SEO plugin v27.3 - https:\/\/yoast.com\/product\/yoast-seo-wordpress\/ -->\n<title>Downloads: Bedrijfsdocumenten, brochures &amp; folders - EQOS<\/title>\n<meta name=\"description\" content=\"In de sectie Downloads bieden wij u diverse documenten aan. Wij hebben doelgroepspecifieke pakketten samengesteld voor een snelle selectie.\" \/>\n<meta name=\"robots\" content=\"index, follow, max-snippet:-1, max-image-preview:large, max-video-preview:-1\" \/>\n<link rel=\"canonical\" href=\"https:\/\/eqos-gruppe.com\/nl\/downloads\/\" \/>\n<meta property=\"og:locale\" content=\"nl_NL\" \/>\n<meta property=\"og:type\" content=\"article\" \/>\n<meta property=\"og:title\" content=\"Downloads: Bedrijfsdocumenten, brochures &amp; folders - EQOS\" \/>\n<meta property=\"og:description\" content=\"In de sectie Downloads bieden wij u diverse documenten aan. Wij hebben doelgroepspecifieke pakketten samengesteld voor een snelle selectie.\" \/>\n<meta property=\"og:url\" content=\"https:\/\/eqos-gruppe.com\/nl\/downloads\/\" \/>\n<meta property=\"og:site_name\" content=\"EQOS Gruppe\" \/>\n<meta property=\"article:modified_time\" content=\"2025-04-30T08:48:35+00:00\" \/>\n<meta property=\"og:image\" content=\"https:\/\/eqos-gruppe.com\/wp-content\/uploads\/2022\/05\/downloads.jpg\" \/>\n\t<meta property=\"og:image:width\" content=\"1920\" \/>\n\t<meta property=\"og:image:height\" content=\"768\" \/>\n\t<meta property=\"og:image:type\" content=\"image\/jpeg\" \/>\n<meta name=\"twitter:card\" content=\"summary_large_image\" \/>\n<meta name=\"twitter:label1\" content=\"Geschatte leestijd\" \/>\n\t<meta name=\"twitter:data1\" content=\"1 minuut\" \/>\n<script type=\"application\/ld+json\" class=\"yoast-schema-graph\">{\"@context\":\"https:\\\/\\\/schema.org\",\"@graph\":[{\"@type\":\"WebPage\",\"@id\":\"https:\\\/\\\/eqos-gruppe.com\\\/nl\\\/downloads\\\/\",\"url\":\"https:\\\/\\\/eqos-gruppe.com\\\/nl\\\/downloads\\\/\",\"name\":\"Downloads: Bedrijfsdocumenten, brochures & folders - EQOS\",\"isPartOf\":{\"@id\":\"https:\\\/\\\/eqos-gruppe.com\\\/nl\\\/#website\"},\"primaryImageOfPage\":{\"@id\":\"https:\\\/\\\/eqos-gruppe.com\\\/nl\\\/downloads\\\/#primaryimage\"},\"image\":{\"@id\":\"https:\\\/\\\/eqos-gruppe.com\\\/nl\\\/downloads\\\/#primaryimage\"},\"thumbnailUrl\":\"https:\\\/\\\/eqos-gruppe.com\\\/wp-content\\\/uploads\\\/2022\\\/05\\\/downloads.jpg\",\"datePublished\":\"2022-02-18T14:52:26+00:00\",\"dateModified\":\"2025-04-30T08:48:35+00:00\",\"description\":\"In de sectie Downloads bieden wij u diverse documenten aan. Wij hebben doelgroepspecifieke pakketten samengesteld voor een snelle selectie.\",\"breadcrumb\":{\"@id\":\"https:\\\/\\\/eqos-gruppe.com\\\/nl\\\/downloads\\\/#breadcrumb\"},\"inLanguage\":\"nl-NL\",\"potentialAction\":[{\"@type\":\"ReadAction\",\"target\":[\"https:\\\/\\\/eqos-gruppe.com\\\/nl\\\/downloads\\\/\"]}]},{\"@type\":\"ImageObject\",\"inLanguage\":\"nl-NL\",\"@id\":\"https:\\\/\\\/eqos-gruppe.com\\\/nl\\\/downloads\\\/#primaryimage\",\"url\":\"https:\\\/\\\/eqos-gruppe.com\\\/wp-content\\\/uploads\\\/2022\\\/05\\\/downloads.jpg\",\"contentUrl\":\"https:\\\/\\\/eqos-gruppe.com\\\/wp-content\\\/uploads\\\/2022\\\/05\\\/downloads.jpg\",\"width\":1920,\"height\":768,\"caption\":\"Als u informatiebladen of afbeeldingen nodig hebt, kunt u die vinden in onze mediacenter.\"},{\"@type\":\"BreadcrumbList\",\"@id\":\"https:\\\/\\\/eqos-gruppe.com\\\/nl\\\/downloads\\\/#breadcrumb\",\"itemListElement\":[{\"@type\":\"ListItem\",\"position\":1,\"name\":\"Home\",\"item\":\"https:\\\/\\\/eqos-gruppe.com\\\/nl\\\/\"},{\"@type\":\"ListItem\",\"position\":2,\"name\":\"Downloads\"}]},{\"@type\":\"WebSite\",\"@id\":\"https:\\\/\\\/eqos-gruppe.com\\\/nl\\\/#website\",\"url\":\"https:\\\/\\\/eqos-gruppe.com\\\/nl\\\/\",\"name\":\"EQOS Gruppe\",\"description\":\"\",\"publisher\":{\"@id\":\"https:\\\/\\\/eqos-gruppe.com\\\/nl\\\/#organization\"},\"potentialAction\":[{\"@type\":\"SearchAction\",\"target\":{\"@type\":\"EntryPoint\",\"urlTemplate\":\"https:\\\/\\\/eqos-gruppe.com\\\/nl\\\/?s={search_term_string}\"},\"query-input\":{\"@type\":\"PropertyValueSpecification\",\"valueRequired\":true,\"valueName\":\"search_term_string\"}}],\"inLanguage\":\"nl-NL\"},{\"@type\":\"Organization\",\"@id\":\"https:\\\/\\\/eqos-gruppe.com\\\/nl\\\/#organization\",\"name\":\"EQOS Gruppe\",\"url\":\"https:\\\/\\\/eqos-gruppe.com\\\/nl\\\/\",\"logo\":{\"@type\":\"ImageObject\",\"inLanguage\":\"nl-NL\",\"@id\":\"https:\\\/\\\/eqos-gruppe.com\\\/nl\\\/#\\\/schema\\\/logo\\\/image\\\/\",\"url\":\"https:\\\/\\\/eqos-gruppe.com\\\/wp-content\\\/uploads\\\/2021\\\/11\\\/eqos-logo.svg\",\"contentUrl\":\"https:\\\/\\\/eqos-gruppe.com\\\/wp-content\\\/uploads\\\/2021\\\/11\\\/eqos-logo.svg\",\"caption\":\"EQOS Gruppe\"},\"image\":{\"@id\":\"https:\\\/\\\/eqos-gruppe.com\\\/nl\\\/#\\\/schema\\\/logo\\\/image\\\/\"}}]}<\/script>\n<!-- \/ Yoast SEO plugin. -->","yoast_head_json":{"title":"Downloads: Bedrijfsdocumenten, brochures & folders - EQOS","description":"In de sectie Downloads bieden wij u diverse documenten aan. Wij hebben doelgroepspecifieke pakketten samengesteld voor een snelle selectie.","robots":{"index":"index","follow":"follow","max-snippet":"max-snippet:-1","max-image-preview":"max-image-preview:large","max-video-preview":"max-video-preview:-1"},"canonical":"https:\/\/eqos-gruppe.com\/nl\/downloads\/","og_locale":"nl_NL","og_type":"article","og_title":"Downloads: Bedrijfsdocumenten, brochures & folders - EQOS","og_description":"In de sectie Downloads bieden wij u diverse documenten aan. Wij hebben doelgroepspecifieke pakketten samengesteld voor een snelle selectie.","og_url":"https:\/\/eqos-gruppe.com\/nl\/downloads\/","og_site_name":"EQOS Gruppe","article_modified_time":"2025-04-30T08:48:35+00:00","og_image":[{"width":1920,"height":768,"url":"https:\/\/eqos-gruppe.com\/wp-content\/uploads\/2022\/05\/downloads.jpg","type":"image\/jpeg"}],"twitter_card":"summary_large_image","twitter_misc":{"Geschatte leestijd":"1 minuut"},"schema":{"@context":"https:\/\/schema.org","@graph":[{"@type":"WebPage","@id":"https:\/\/eqos-gruppe.com\/nl\/downloads\/","url":"https:\/\/eqos-gruppe.com\/nl\/downloads\/","name":"Downloads: Bedrijfsdocumenten, brochures & folders - EQOS","isPartOf":{"@id":"https:\/\/eqos-gruppe.com\/nl\/#website"},"primaryImageOfPage":{"@id":"https:\/\/eqos-gruppe.com\/nl\/downloads\/#primaryimage"},"image":{"@id":"https:\/\/eqos-gruppe.com\/nl\/downloads\/#primaryimage"},"thumbnailUrl":"https:\/\/eqos-gruppe.com\/wp-content\/uploads\/2022\/05\/downloads.jpg","datePublished":"2022-02-18T14:52:26+00:00","dateModified":"2025-04-30T08:48:35+00:00","description":"In de sectie Downloads bieden wij u diverse documenten aan. Wij hebben doelgroepspecifieke pakketten samengesteld voor een snelle selectie.","breadcrumb":{"@id":"https:\/\/eqos-gruppe.com\/nl\/downloads\/#breadcrumb"},"inLanguage":"nl-NL","potentialAction":[{"@type":"ReadAction","target":["https:\/\/eqos-gruppe.com\/nl\/downloads\/"]}]},{"@type":"ImageObject","inLanguage":"nl-NL","@id":"https:\/\/eqos-gruppe.com\/nl\/downloads\/#primaryimage","url":"https:\/\/eqos-gruppe.com\/wp-content\/uploads\/2022\/05\/downloads.jpg","contentUrl":"https:\/\/eqos-gruppe.com\/wp-content\/uploads\/2022\/05\/downloads.jpg","width":1920,"height":768,"caption":"Als u informatiebladen of afbeeldingen nodig hebt, kunt u die vinden in onze mediacenter."},{"@type":"BreadcrumbList","@id":"https:\/\/eqos-gruppe.com\/nl\/downloads\/#breadcrumb","itemListElement":[{"@type":"ListItem","position":1,"name":"Home","item":"https:\/\/eqos-gruppe.com\/nl\/"},{"@type":"ListItem","position":2,"name":"Downloads"}]},{"@type":"WebSite","@id":"https:\/\/eqos-gruppe.com\/nl\/#website","url":"https:\/\/eqos-gruppe.com\/nl\/","name":"EQOS Gruppe","description":"","publisher":{"@id":"https:\/\/eqos-gruppe.com\/nl\/#organization"},"potentialAction":[{"@type":"SearchAction","target":{"@type":"EntryPoint","urlTemplate":"https:\/\/eqos-gruppe.com\/nl\/?s={search_term_string}"},"query-input":{"@type":"PropertyValueSpecification","valueRequired":true,"valueName":"search_term_string"}}],"inLanguage":"nl-NL"},{"@type":"Organization","@id":"https:\/\/eqos-gruppe.com\/nl\/#organization","name":"EQOS Gruppe","url":"https:\/\/eqos-gruppe.com\/nl\/","logo":{"@type":"ImageObject","inLanguage":"nl-NL","@id":"https:\/\/eqos-gruppe.com\/nl\/#\/schema\/logo\/image\/","url":"https:\/\/eqos-gruppe.com\/wp-content\/uploads\/2021\/11\/eqos-logo.svg","contentUrl":"https:\/\/eqos-gruppe.com\/wp-content\/uploads\/2021\/11\/eqos-logo.svg","caption":"EQOS Gruppe"},"image":{"@id":"https:\/\/eqos-gruppe.com\/nl\/#\/schema\/logo\/image\/"}}]}},"_links":{"self":[{"href":"https:\/\/eqos-gruppe.com\/nl\/wp-json\/wp\/v2\/pages\/15662","targetHints":{"allow":["GET"]}}],"collection":[{"href":"https:\/\/eqos-gruppe.com\/nl\/wp-json\/wp\/v2\/pages"}],"about":[{"href":"https:\/\/eqos-gruppe.com\/nl\/wp-json\/wp\/v2\/types\/page"}],"author":[{"embeddable":true,"href":"https:\/\/eqos-gruppe.com\/nl\/wp-json\/wp\/v2\/users\/1"}],"replies":[{"embeddable":true,"href":"https:\/\/eqos-gruppe.com\/nl\/wp-json\/wp\/v2\/comments?post=15662"}],"version-history":[{"count":5,"href":"https:\/\/eqos-gruppe.com\/nl\/wp-json\/wp\/v2\/pages\/15662\/revisions"}],"predecessor-version":[{"id":22347,"href":"https:\/\/eqos-gruppe.com\/nl\/wp-json\/wp\/v2\/pages\/15662\/revisions\/22347"}],"wp:featuredmedia":[{"embeddable":true,"href":"https:\/\/eqos-gruppe.com\/nl\/wp-json\/wp\/v2\/media\/14293"}],"wp:attachment":[{"href":"https:\/\/eqos-gruppe.com\/nl\/wp-json\/wp\/v2\/media?parent=15662"}],"curies":[{"name":"wp","href":"https:\/\/api.w.org\/{rel}","templated":true}]}}