{"id":15368,"date":"2022-02-18T11:58:45","date_gmt":"2022-02-18T10:58:45","guid":{"rendered":"https:\/\/eqos-gruppe.com\/impressie\/"},"modified":"2025-12-16T13:38:24","modified_gmt":"2025-12-16T12:38:24","slug":"impressie","status":"publish","type":"page","link":"https:\/\/eqos-gruppe.com\/nl\/impressie\/","title":{"rendered":"Impressie"},"content":{"rendered":"\t\t<div data-elementor-type=\"wp-page\" data-elementor-id=\"15368\" class=\"elementor elementor-15368 elementor-7520\" data-elementor-post-type=\"page\">\n\t\t\t\t\t\t<section class=\"elementor-section elementor-top-section elementor-element elementor-element-6a02a0e7 elementor-section-height-min-height elementor-section-items-bottom elementor-section-boxed elementor-section-height-default\" data-id=\"6a02a0e7\" data-element_type=\"section\" data-e-type=\"section\" data-settings=\"{&quot;background_background&quot;:&quot;classic&quot;}\">\n\t\t\t\t\t\t<div class=\"elementor-container elementor-column-gap-default\">\n\t\t\t\t\t<div class=\"elementor-column elementor-col-100 elementor-top-column elementor-element elementor-element-6b80d185\" data-id=\"6b80d185\" data-element_type=\"column\" data-e-type=\"column\" data-settings=\"{&quot;background_background&quot;:&quot;classic&quot;}\">\n\t\t\t<div class=\"elementor-widget-wrap elementor-element-populated\">\n\t\t\t\t\t\t<div class=\"elementor-element elementor-element-22d3f310 elementor-widget elementor-widget-heading\" data-id=\"22d3f310\" data-element_type=\"widget\" data-e-type=\"widget\" data-widget_type=\"heading.default\">\n\t\t\t\t<div class=\"elementor-widget-container\">\n\t\t\t\t\t<h2 class=\"elementor-heading-title elementor-size-xl\">Impressie<\/h2>\t\t\t\t<\/div>\n\t\t\t\t<\/div>\n\t\t\t\t\t<\/div>\n\t\t<\/div>\n\t\t\t\t\t<\/div>\n\t\t<\/section>\n\t\t\t\t<section class=\"elementor-section elementor-top-section elementor-element elementor-element-243dcee elementor-section-boxed elementor-section-height-default elementor-section-height-default\" data-id=\"243dcee\" data-element_type=\"section\" data-e-type=\"section\">\n\t\t\t\t\t\t<div class=\"elementor-container elementor-column-gap-default\">\n\t\t\t\t\t<div class=\"elementor-column elementor-col-100 elementor-top-column elementor-element elementor-element-92a5bbc\" data-id=\"92a5bbc\" data-element_type=\"column\" data-e-type=\"column\">\n\t\t\t<div class=\"elementor-widget-wrap elementor-element-populated\">\n\t\t\t\t\t\t<div class=\"elementor-element elementor-element-96ad9c6 elementor-widget elementor-widget-text-editor\" data-id=\"96ad9c6\" data-element_type=\"widget\" data-e-type=\"widget\" data-widget_type=\"text-editor.default\">\n\t\t\t\t<div class=\"elementor-widget-container\">\n\t\t\t\t\t\t\t\t\t<h4>EQOS Energie Deutschland GmbH<\/h4><p>Wolfentalstra\u00dfe 29<br \/>88400 Biberach<br \/>Duitsland<br \/>T +49 7351 579-0<br \/>F +49 7351 579-1200<br \/>info-de[at]eqos-energie.com<\/p><p>Bedrijfsleider:<br \/>Eric Mendel (voorzitter), Carsten Kuhle, Thomas Reichel, Uwe Trampnau, Matthias Weber<br \/>Kantoor van inschrijving: Ulm<br \/>HRB 641447<br \/>Identificatienummer omzetbelasting: DE 153 994 407<\/p><h4>Dochteronderneming:<\/h4><p>EQOS Kommunikation GmbH<br \/>Warnstedter Stra\u00dfe 7<br \/>06502 Thale<br \/>Duitsland<br \/>T +49 3947 4008-0<br \/>F +49 3947 4008-20<\/p><p>Bedrijfsleider:<br \/>Jan-Patrick G\u00f6ppert, Ren\u00e9 Ihl, Jens Lenk, Eric Mendel, Matthias Weber<br \/>Kantoor van inschrijving: Stendal<br \/>HRB 103948<br \/>Identificatienummer omzetbelasting: DE 139 926 209<\/p><h4>Inhoudelijke verantwoordelijkheid<\/h4><p>Heike Carmen Flory<br \/>Head of Marketing &amp; Corporate Communication<br \/>EQOS Energie Deutschland GmbH<br \/>Wolfentalstra\u00dfe 29<br \/>88400 Biberach<br \/>Duitsland<br \/>T +49 7351 579-0<br \/>F +49 7351 579-1200<\/p><h4>Auteursrechten<\/h4><p>\u00a9 Copyright EQOS Energie Deutschland GmbH<br \/>Alle rechten voorbehouden. Kopij, afbeeldingen, diagrammen, geluid, animaties en video&#8217;s en hun rangschikking op deze website zijn onderworpen aan het auteursrecht en andere beschermingswetten. Commercieel of particulier gebruik van de inhoud van deze website, of delen daarvan, op andere internetpagina&#8217;s is verboden.<\/p><p>Foto&#8217;s: Adobe Stock, Daniel Stadler, EQOS, gettyimages, iStock. Specifieke beeldcredits kunnen worden aangevraagd bij press[at]eqos-energie.com.<\/p><h4>Handelsmerken<\/h4><p>Tenzij anders aangegeven zijn alle handelsmerken op deze site beschermd door het merkenrecht.<\/p><h4>Aansprakelijkheid<\/h4><p>Voor links op deze website naar websites beheerd door derden neemt EQOS Energie geen enkele aansprakelijkheid voor de inhoud, tenzij EQOS Energie kennis heeft van de inhoud en het technisch mogelijk en redelijk is om het gebruik van de links in het geval van illegale inhoud te verhinderen. Er wordt opgemerkt dat het bij inhoud van de websites van derden gaat om vreemde inhoud, die uitdrukkelijk niet van EQOS Energie is en waarop EQOS Energie geen invloed heeft. De verantwoordelijkheid voor de inhoud ligt bij de betreffende aanbieder. EQOS Energie aanvaardt geen aansprakelijkheid voor schade die voortvloeit uit het gebruik van deze inhoud.<\/p><p>Het gebruik van internet is op eigen risico van de gebruiker, EQOS Energie is zeker niet aansprakelijk voor technisch falen van het internet of toegang tot het internet.<\/p><h4>Centrum voor beslechting van consumentengeschillen\/universeel arbitragecentrum<\/h4><p>Wij gaan niet akkoord en zijn er ook niet toe verplicht om een arbitrageprocedure te voeren voor een consumentengeschillenbeslechtingsorgaan.<\/p>\t\t\t\t\t\t\t\t<\/div>\n\t\t\t\t<\/div>\n\t\t\t\t\t<\/div>\n\t\t<\/div>\n\t\t\t\t\t<\/div>\n\t\t<\/section>\n\t\t\t\t<\/div>\n\t\t","protected":false},"excerpt":{"rendered":"<p>EQOS Energie Deutschland GmbH Wolfentalstra\u00dfe 2988400 BiberachDuitslandT +49 7351 579-0F +49 7351 579-1200info-de[at]eqos-energie.com Bedrijfsleider:Eric Mendel (voorzitter), Carsten Kuhle, Thomas Reichel, Uwe Trampnau, Matthias WeberKantoor van inschrijving: UlmHRB 641447Identificatienummer omzetbelasting: DE 153 994 407 Dochteronderneming: EQOS Kommunikation GmbHWarnstedter Stra\u00dfe 706502 ThaleDuitslandT +49 3947 4008-0F +49 3947 4008-20 Bedrijfsleider:Jan-Patrick G\u00f6ppert, Ren\u00e9 Ihl, Jens Lenk, Eric Mendel, Matthias&#8230;<\/p>\n","protected":false},"author":1,"featured_media":14272,"parent":0,"menu_order":0,"comment_status":"closed","ping_status":"closed","template":"r-energy-elementor-page.php","meta":{"_acf_changed":false,"footnotes":""},"class_list":{"0":"post-15368","1":"page","2":"type-page","3":"status-publish","4":"has-post-thumbnail","5":"hentry","6":"nt-post-class","7":"","8":"masonry-item","9":"col-lg-4","13":"excerpt-none"},"acf":[],"yoast_head":"<!-- This site is optimized with the Yoast SEO plugin v27.3 - https:\/\/yoast.com\/product\/yoast-seo-wordpress\/ -->\n<title>Impressie - EQOS<\/title>\n<meta name=\"description\" content=\"Met het uitgebreide impressum voldoet EQOS aan zijn uitgebreide informatieplicht op basis van de wet.\" \/>\n<meta name=\"robots\" content=\"index, follow, max-snippet:-1, max-image-preview:large, max-video-preview:-1\" \/>\n<link rel=\"canonical\" href=\"https:\/\/eqos-gruppe.com\/nl\/impressie\/\" \/>\n<meta property=\"og:locale\" content=\"nl_NL\" \/>\n<meta property=\"og:type\" content=\"article\" \/>\n<meta property=\"og:title\" content=\"Impressie - EQOS\" \/>\n<meta property=\"og:description\" content=\"Met het uitgebreide impressum voldoet EQOS aan zijn uitgebreide informatieplicht op basis van de wet.\" \/>\n<meta property=\"og:url\" content=\"https:\/\/eqos-gruppe.com\/nl\/impressie\/\" \/>\n<meta property=\"og:site_name\" content=\"EQOS Gruppe\" \/>\n<meta property=\"article:modified_time\" content=\"2025-12-16T12:38:24+00:00\" \/>\n<meta property=\"og:image\" content=\"https:\/\/eqos-gruppe.com\/wp-content\/uploads\/2022\/05\/impressum.jpg\" \/>\n\t<meta property=\"og:image:width\" content=\"1920\" \/>\n\t<meta property=\"og:image:height\" content=\"768\" \/>\n\t<meta property=\"og:image:type\" content=\"image\/jpeg\" \/>\n<meta name=\"twitter:card\" content=\"summary_large_image\" \/>\n<meta name=\"twitter:label1\" content=\"Geschatte leestijd\" \/>\n\t<meta name=\"twitter:data1\" content=\"2 minuten\" \/>\n<script type=\"application\/ld+json\" class=\"yoast-schema-graph\">{\"@context\":\"https:\\\/\\\/schema.org\",\"@graph\":[{\"@type\":\"WebPage\",\"@id\":\"https:\\\/\\\/eqos-gruppe.com\\\/nl\\\/impressie\\\/\",\"url\":\"https:\\\/\\\/eqos-gruppe.com\\\/nl\\\/impressie\\\/\",\"name\":\"Impressie - EQOS\",\"isPartOf\":{\"@id\":\"https:\\\/\\\/eqos-gruppe.com\\\/nl\\\/#website\"},\"primaryImageOfPage\":{\"@id\":\"https:\\\/\\\/eqos-gruppe.com\\\/nl\\\/impressie\\\/#primaryimage\"},\"image\":{\"@id\":\"https:\\\/\\\/eqos-gruppe.com\\\/nl\\\/impressie\\\/#primaryimage\"},\"thumbnailUrl\":\"https:\\\/\\\/eqos-gruppe.com\\\/wp-content\\\/uploads\\\/2022\\\/05\\\/impressum.jpg\",\"datePublished\":\"2022-02-18T10:58:45+00:00\",\"dateModified\":\"2025-12-16T12:38:24+00:00\",\"description\":\"Met het uitgebreide impressum voldoet EQOS aan zijn uitgebreide informatieplicht op basis van de wet.\",\"breadcrumb\":{\"@id\":\"https:\\\/\\\/eqos-gruppe.com\\\/nl\\\/impressie\\\/#breadcrumb\"},\"inLanguage\":\"nl-NL\",\"potentialAction\":[{\"@type\":\"ReadAction\",\"target\":[\"https:\\\/\\\/eqos-gruppe.com\\\/nl\\\/impressie\\\/\"]}]},{\"@type\":\"ImageObject\",\"inLanguage\":\"nl-NL\",\"@id\":\"https:\\\/\\\/eqos-gruppe.com\\\/nl\\\/impressie\\\/#primaryimage\",\"url\":\"https:\\\/\\\/eqos-gruppe.com\\\/wp-content\\\/uploads\\\/2022\\\/05\\\/impressum.jpg\",\"contentUrl\":\"https:\\\/\\\/eqos-gruppe.com\\\/wp-content\\\/uploads\\\/2022\\\/05\\\/impressum.jpg\",\"width\":1920,\"height\":768,\"caption\":\"Die Kontaktdaten von EQOS\"},{\"@type\":\"BreadcrumbList\",\"@id\":\"https:\\\/\\\/eqos-gruppe.com\\\/nl\\\/impressie\\\/#breadcrumb\",\"itemListElement\":[{\"@type\":\"ListItem\",\"position\":1,\"name\":\"Home\",\"item\":\"https:\\\/\\\/eqos-gruppe.com\\\/nl\\\/\"},{\"@type\":\"ListItem\",\"position\":2,\"name\":\"Impressie\"}]},{\"@type\":\"WebSite\",\"@id\":\"https:\\\/\\\/eqos-gruppe.com\\\/nl\\\/#website\",\"url\":\"https:\\\/\\\/eqos-gruppe.com\\\/nl\\\/\",\"name\":\"EQOS Gruppe\",\"description\":\"\",\"publisher\":{\"@id\":\"https:\\\/\\\/eqos-gruppe.com\\\/nl\\\/#organization\"},\"potentialAction\":[{\"@type\":\"SearchAction\",\"target\":{\"@type\":\"EntryPoint\",\"urlTemplate\":\"https:\\\/\\\/eqos-gruppe.com\\\/nl\\\/?s={search_term_string}\"},\"query-input\":{\"@type\":\"PropertyValueSpecification\",\"valueRequired\":true,\"valueName\":\"search_term_string\"}}],\"inLanguage\":\"nl-NL\"},{\"@type\":\"Organization\",\"@id\":\"https:\\\/\\\/eqos-gruppe.com\\\/nl\\\/#organization\",\"name\":\"EQOS Gruppe\",\"url\":\"https:\\\/\\\/eqos-gruppe.com\\\/nl\\\/\",\"logo\":{\"@type\":\"ImageObject\",\"inLanguage\":\"nl-NL\",\"@id\":\"https:\\\/\\\/eqos-gruppe.com\\\/nl\\\/#\\\/schema\\\/logo\\\/image\\\/\",\"url\":\"https:\\\/\\\/eqos-gruppe.com\\\/wp-content\\\/uploads\\\/2021\\\/11\\\/eqos-logo.svg\",\"contentUrl\":\"https:\\\/\\\/eqos-gruppe.com\\\/wp-content\\\/uploads\\\/2021\\\/11\\\/eqos-logo.svg\",\"caption\":\"EQOS Gruppe\"},\"image\":{\"@id\":\"https:\\\/\\\/eqos-gruppe.com\\\/nl\\\/#\\\/schema\\\/logo\\\/image\\\/\"}}]}<\/script>\n<!-- \/ Yoast SEO plugin. -->","yoast_head_json":{"title":"Impressie - EQOS","description":"Met het uitgebreide impressum voldoet EQOS aan zijn uitgebreide informatieplicht op basis van de wet.","robots":{"index":"index","follow":"follow","max-snippet":"max-snippet:-1","max-image-preview":"max-image-preview:large","max-video-preview":"max-video-preview:-1"},"canonical":"https:\/\/eqos-gruppe.com\/nl\/impressie\/","og_locale":"nl_NL","og_type":"article","og_title":"Impressie - EQOS","og_description":"Met het uitgebreide impressum voldoet EQOS aan zijn uitgebreide informatieplicht op basis van de wet.","og_url":"https:\/\/eqos-gruppe.com\/nl\/impressie\/","og_site_name":"EQOS Gruppe","article_modified_time":"2025-12-16T12:38:24+00:00","og_image":[{"width":1920,"height":768,"url":"https:\/\/eqos-gruppe.com\/wp-content\/uploads\/2022\/05\/impressum.jpg","type":"image\/jpeg"}],"twitter_card":"summary_large_image","twitter_misc":{"Geschatte leestijd":"2 minuten"},"schema":{"@context":"https:\/\/schema.org","@graph":[{"@type":"WebPage","@id":"https:\/\/eqos-gruppe.com\/nl\/impressie\/","url":"https:\/\/eqos-gruppe.com\/nl\/impressie\/","name":"Impressie - EQOS","isPartOf":{"@id":"https:\/\/eqos-gruppe.com\/nl\/#website"},"primaryImageOfPage":{"@id":"https:\/\/eqos-gruppe.com\/nl\/impressie\/#primaryimage"},"image":{"@id":"https:\/\/eqos-gruppe.com\/nl\/impressie\/#primaryimage"},"thumbnailUrl":"https:\/\/eqos-gruppe.com\/wp-content\/uploads\/2022\/05\/impressum.jpg","datePublished":"2022-02-18T10:58:45+00:00","dateModified":"2025-12-16T12:38:24+00:00","description":"Met het uitgebreide impressum voldoet EQOS aan zijn uitgebreide informatieplicht op basis van de wet.","breadcrumb":{"@id":"https:\/\/eqos-gruppe.com\/nl\/impressie\/#breadcrumb"},"inLanguage":"nl-NL","potentialAction":[{"@type":"ReadAction","target":["https:\/\/eqos-gruppe.com\/nl\/impressie\/"]}]},{"@type":"ImageObject","inLanguage":"nl-NL","@id":"https:\/\/eqos-gruppe.com\/nl\/impressie\/#primaryimage","url":"https:\/\/eqos-gruppe.com\/wp-content\/uploads\/2022\/05\/impressum.jpg","contentUrl":"https:\/\/eqos-gruppe.com\/wp-content\/uploads\/2022\/05\/impressum.jpg","width":1920,"height":768,"caption":"Die Kontaktdaten von EQOS"},{"@type":"BreadcrumbList","@id":"https:\/\/eqos-gruppe.com\/nl\/impressie\/#breadcrumb","itemListElement":[{"@type":"ListItem","position":1,"name":"Home","item":"https:\/\/eqos-gruppe.com\/nl\/"},{"@type":"ListItem","position":2,"name":"Impressie"}]},{"@type":"WebSite","@id":"https:\/\/eqos-gruppe.com\/nl\/#website","url":"https:\/\/eqos-gruppe.com\/nl\/","name":"EQOS Gruppe","description":"","publisher":{"@id":"https:\/\/eqos-gruppe.com\/nl\/#organization"},"potentialAction":[{"@type":"SearchAction","target":{"@type":"EntryPoint","urlTemplate":"https:\/\/eqos-gruppe.com\/nl\/?s={search_term_string}"},"query-input":{"@type":"PropertyValueSpecification","valueRequired":true,"valueName":"search_term_string"}}],"inLanguage":"nl-NL"},{"@type":"Organization","@id":"https:\/\/eqos-gruppe.com\/nl\/#organization","name":"EQOS Gruppe","url":"https:\/\/eqos-gruppe.com\/nl\/","logo":{"@type":"ImageObject","inLanguage":"nl-NL","@id":"https:\/\/eqos-gruppe.com\/nl\/#\/schema\/logo\/image\/","url":"https:\/\/eqos-gruppe.com\/wp-content\/uploads\/2021\/11\/eqos-logo.svg","contentUrl":"https:\/\/eqos-gruppe.com\/wp-content\/uploads\/2021\/11\/eqos-logo.svg","caption":"EQOS Gruppe"},"image":{"@id":"https:\/\/eqos-gruppe.com\/nl\/#\/schema\/logo\/image\/"}}]}},"_links":{"self":[{"href":"https:\/\/eqos-gruppe.com\/nl\/wp-json\/wp\/v2\/pages\/15368","targetHints":{"allow":["GET"]}}],"collection":[{"href":"https:\/\/eqos-gruppe.com\/nl\/wp-json\/wp\/v2\/pages"}],"about":[{"href":"https:\/\/eqos-gruppe.com\/nl\/wp-json\/wp\/v2\/types\/page"}],"author":[{"embeddable":true,"href":"https:\/\/eqos-gruppe.com\/nl\/wp-json\/wp\/v2\/users\/1"}],"replies":[{"embeddable":true,"href":"https:\/\/eqos-gruppe.com\/nl\/wp-json\/wp\/v2\/comments?post=15368"}],"version-history":[{"count":7,"href":"https:\/\/eqos-gruppe.com\/nl\/wp-json\/wp\/v2\/pages\/15368\/revisions"}],"predecessor-version":[{"id":21417,"href":"https:\/\/eqos-gruppe.com\/nl\/wp-json\/wp\/v2\/pages\/15368\/revisions\/21417"}],"wp:featuredmedia":[{"embeddable":true,"href":"https:\/\/eqos-gruppe.com\/nl\/wp-json\/wp\/v2\/media\/14272"}],"wp:attachment":[{"href":"https:\/\/eqos-gruppe.com\/nl\/wp-json\/wp\/v2\/media?parent=15368"}],"curies":[{"name":"wp","href":"https:\/\/api.w.org\/{rel}","templated":true}]}}