{"id":16875,"date":"2022-02-18T15:52:26","date_gmt":"2022-02-18T14:52:26","guid":{"rendered":"https:\/\/eqos-gruppe.com\/telechargements\/"},"modified":"2025-04-30T09:50:26","modified_gmt":"2025-04-30T08:50:26","slug":"telechargements","status":"publish","type":"page","link":"https:\/\/eqos-gruppe.com\/fr\/telechargements\/","title":{"rendered":"T\u00e9l\u00e9chargements"},"content":{"rendered":"\t\t<div data-elementor-type=\"wp-page\" data-elementor-id=\"16875\" class=\"elementor elementor-16875 elementor-7584\" data-elementor-post-type=\"page\">\n\t\t\t\t\t\t<section class=\"elementor-section elementor-top-section elementor-element elementor-element-75b71e27 elementor-section-height-min-height elementor-section-items-bottom elementor-section-boxed elementor-section-height-default\" data-id=\"75b71e27\" data-element_type=\"section\" data-e-type=\"section\" data-settings=\"{&quot;background_background&quot;:&quot;classic&quot;}\">\n\t\t\t\t\t\t<div class=\"elementor-container elementor-column-gap-default\">\n\t\t\t\t\t<div class=\"elementor-column elementor-col-100 elementor-top-column elementor-element elementor-element-3d1bed28\" data-id=\"3d1bed28\" data-element_type=\"column\" data-e-type=\"column\" data-settings=\"{&quot;background_background&quot;:&quot;classic&quot;}\">\n\t\t\t<div class=\"elementor-widget-wrap elementor-element-populated\">\n\t\t\t\t\t\t<div class=\"elementor-element elementor-element-6382b318 elementor-widget elementor-widget-heading\" data-id=\"6382b318\" data-element_type=\"widget\" data-e-type=\"widget\" id=\"landing-page-hero\" data-widget_type=\"heading.default\">\n\t\t\t\t<div class=\"elementor-widget-container\">\n\t\t\t\t\t<h1 class=\"elementor-heading-title elementor-size-xl\">T\u00e9l\u00e9chargements<\/h1>\t\t\t\t<\/div>\n\t\t\t\t<\/div>\n\t\t\t\t\t<\/div>\n\t\t<\/div>\n\t\t\t\t\t<\/div>\n\t\t<\/section>\n\t\t\t\t<section class=\"elementor-section elementor-top-section elementor-element elementor-element-510363f1 elementor-section-boxed elementor-section-height-default elementor-section-height-default\" data-id=\"510363f1\" data-element_type=\"section\" data-e-type=\"section\">\n\t\t\t\t\t\t<div class=\"elementor-container elementor-column-gap-default\">\n\t\t\t\t\t<div class=\"elementor-column elementor-col-100 elementor-top-column elementor-element elementor-element-68419aec\" data-id=\"68419aec\" data-element_type=\"column\" data-e-type=\"column\">\n\t\t\t<div class=\"elementor-widget-wrap elementor-element-populated\">\n\t\t\t\t\t\t<div class=\"elementor-element elementor-element-372742f6 elementor-widget elementor-widget-breadcrumbs\" data-id=\"372742f6\" data-element_type=\"widget\" data-e-type=\"widget\" data-widget_type=\"breadcrumbs.default\">\n\t\t\t\t<div class=\"elementor-widget-container\">\n\t\t\t\t\t<p id=\"breadcrumbs\"><span><span><a href=\"https:\/\/eqos-gruppe.com\/fr\/\">Home<\/a><\/span><\/span><\/p>\t\t\t\t<\/div>\n\t\t\t\t<\/div>\n\t\t\t\t\t<\/div>\n\t\t<\/div>\n\t\t\t\t\t<\/div>\n\t\t<\/section>\n\t\t\t\t<section class=\"elementor-section elementor-top-section elementor-element elementor-element-a9fb614 elementor-section-boxed elementor-section-height-default elementor-section-height-default\" data-id=\"a9fb614\" data-element_type=\"section\" data-e-type=\"section\">\n\t\t\t\t\t\t<div class=\"elementor-container elementor-column-gap-default\">\n\t\t\t\t\t<div class=\"elementor-column elementor-col-100 elementor-top-column elementor-element elementor-element-e12706d\" data-id=\"e12706d\" data-element_type=\"column\" data-e-type=\"column\">\n\t\t\t<div class=\"elementor-widget-wrap elementor-element-populated\">\n\t\t\t\t\t\t<div class=\"elementor-element elementor-element-02ce085 elementor-widget elementor-widget-text-editor\" data-id=\"02ce085\" data-element_type=\"widget\" data-e-type=\"widget\" data-widget_type=\"text-editor.default\">\n\t\t\t\t<div class=\"elementor-widget-container\">\n\t\t\t\t\t\t\t\t\t<p>Vous \u00eates \u00e0 la recherche de documents sp\u00e9cifiques concernant EQOS ? Dans ce cas, vous \u00eates au bon endroit dans la rubrique des t\u00e9l\u00e9chargements. Si vous avez besoin de la documentation ou d&#8217;images, vous les trouverez dans notre <a href=\"https:\/\/eqos-gruppe.com\/presse\/mediacenter\/\"><span style=\"color: #f9423a\">Mediacenter<\/span><\/a>.<\/p><p>Vous trouverez plus de d\u00e9tails sur notre logiciel MESPROVE pour l&#8217;\u00e9valuation et la documentation des courbes de mesure HF et OTDR sur notre <a href=\"https:\/\/eqos-kommunikation.com\/funk-loesungen\/mobilfunk\/\">page EQOS Kommunikation<\/a>. Pour t\u00e9l\u00e9charger directement la version d&#8217;essai, <a href=\"http:\/\/www.eqos-kommunikation.com\/mesprove\">cliquez ici<\/a>.<\/p>\t\t\t\t\t\t\t\t<\/div>\n\t\t\t\t<\/div>\n\t\t\t\t\t<\/div>\n\t\t<\/div>\n\t\t\t\t\t<\/div>\n\t\t<\/section>\n\t\t\t\t<section class=\"elementor-section elementor-top-section elementor-element elementor-element-aef935e elementor-section-boxed elementor-section-height-default elementor-section-height-default\" data-id=\"aef935e\" data-element_type=\"section\" data-e-type=\"section\">\n\t\t\t\t\t\t<div class=\"elementor-container elementor-column-gap-default\">\n\t\t\t\t\t<div class=\"elementor-column elementor-col-50 elementor-top-column elementor-element elementor-element-650bede\" data-id=\"650bede\" data-element_type=\"column\" data-e-type=\"column\">\n\t\t\t<div class=\"elementor-widget-wrap elementor-element-populated\">\n\t\t\t\t\t\t<div class=\"elementor-element elementor-element-37eac64 elementor-widget elementor-widget-heading\" data-id=\"37eac64\" data-element_type=\"widget\" data-e-type=\"widget\" data-widget_type=\"heading.default\">\n\t\t\t\t<div class=\"elementor-widget-container\">\n\t\t\t\t\t<h2 class=\"elementor-heading-title elementor-size-default\">Brochures et flyers<\/h2>\t\t\t\t<\/div>\n\t\t\t\t<\/div>\n\t\t\t\t<div class=\"elementor-element elementor-element-ec0eb1b elementor-icon-list--layout-traditional elementor-list-item-link-full_width elementor-widget elementor-widget-icon-list\" data-id=\"ec0eb1b\" data-element_type=\"widget\" data-e-type=\"widget\" data-widget_type=\"icon-list.default\">\n\t\t\t\t<div class=\"elementor-widget-container\">\n\t\t\t\t\t\t\t<ul class=\"elementor-icon-list-items\">\n\t\t\t\t\t\t\t<li class=\"elementor-icon-list-item\">\n\t\t\t\t\t\t\t\t\t\t\t<a href=\"https:\/\/eqos-gruppe.com\/wp-content\/uploads\/2024\/07\/240614_Produktblatt_Auswertungssoftware.pdf\">\n\n\t\t\t\t\t\t\t\t\t\t\t\t<span class=\"elementor-icon-list-icon\">\n\t\t\t\t\t\t\t<i aria-hidden=\"true\" class=\"far fa-file-pdf\"><\/i>\t\t\t\t\t\t<\/span>\n\t\t\t\t\t\t\t\t\t\t<span class=\"elementor-icon-list-text\">Produktblatt Anwendungssoftware MESPROVE (de)<\/span>\n\t\t\t\t\t\t\t\t\t\t\t<\/a>\n\t\t\t\t\t\t\t\t\t<\/li>\n\t\t\t\t\t\t\t\t<li class=\"elementor-icon-list-item\">\n\t\t\t\t\t\t\t\t\t\t\t<a href=\"https:\/\/eqos-gruppe.com\/wp-content\/uploads\/2022\/05\/EQOS-Energie-Notgestaenge-DE.pdf\">\n\n\t\t\t\t\t\t\t\t\t\t\t\t<span class=\"elementor-icon-list-icon\">\n\t\t\t\t\t\t\t<i aria-hidden=\"true\" class=\"far fa-file-pdf\"><\/i>\t\t\t\t\t\t<\/span>\n\t\t\t\t\t\t\t\t\t\t<span class=\"elementor-icon-list-text\">Produktblatt Notgest\u00e4nge (de)<\/span>\n\t\t\t\t\t\t\t\t\t\t\t<\/a>\n\t\t\t\t\t\t\t\t\t<\/li>\n\t\t\t\t\t\t\t\t<li class=\"elementor-icon-list-item\">\n\t\t\t\t\t\t\t\t\t\t\t<a href=\"https:\/\/eqos-gruppe.com\/wp-content\/uploads\/2022\/05\/EQOS-Energie-Turrix_DE.pdf\">\n\n\t\t\t\t\t\t\t\t\t\t\t\t<span class=\"elementor-icon-list-icon\">\n\t\t\t\t\t\t\t<i aria-hidden=\"true\" class=\"far fa-file-pdf\"><\/i>\t\t\t\t\t\t<\/span>\n\t\t\t\t\t\t\t\t\t\t<span class=\"elementor-icon-list-text\">Produktblatt Turrix (de)<\/span>\n\t\t\t\t\t\t\t\t\t\t\t<\/a>\n\t\t\t\t\t\t\t\t\t<\/li>\n\t\t\t\t\t\t\t\t<li class=\"elementor-icon-list-item\">\n\t\t\t\t\t\t\t\t\t\t\t<a href=\"https:\/\/eqos-gruppe.com\/wp-content\/uploads\/2022\/10\/HOMAR04005-EQOS-Gesamtbroschuere.pdf\">\n\n\t\t\t\t\t\t\t\t\t\t\t\t<span class=\"elementor-icon-list-icon\">\n\t\t\t\t\t\t\t<i aria-hidden=\"true\" class=\"far fa-file-pdf\"><\/i>\t\t\t\t\t\t<\/span>\n\t\t\t\t\t\t\t\t\t\t<span class=\"elementor-icon-list-text\">Brosch\u00fcre Ganzeitliche L\u00f6sungen f\u00fcr die Infrastruktur von morgen (de)<\/span>\n\t\t\t\t\t\t\t\t\t\t\t<\/a>\n\t\t\t\t\t\t\t\t\t<\/li>\n\t\t\t\t\t\t\t\t<li class=\"elementor-icon-list-item\">\n\t\t\t\t\t\t\t\t\t\t\t<a href=\"https:\/\/eqos-gruppe.com\/wp-content\/uploads\/2022\/05\/171023_EQOS-Energie-Mobile-Antennentraeger-DE.pdf\">\n\n\t\t\t\t\t\t\t\t\t\t\t\t<span class=\"elementor-icon-list-icon\">\n\t\t\t\t\t\t\t<i aria-hidden=\"true\" class=\"far fa-file-pdf\"><\/i>\t\t\t\t\t\t<\/span>\n\t\t\t\t\t\t\t\t\t\t<span class=\"elementor-icon-list-text\">Produktblatt Mobile Antennentr\u00e4ger (de)<\/span>\n\t\t\t\t\t\t\t\t\t\t\t<\/a>\n\t\t\t\t\t\t\t\t\t<\/li>\n\t\t\t\t\t\t\t\t<li class=\"elementor-icon-list-item\">\n\t\t\t\t\t\t\t\t\t\t\t<a href=\"https:\/\/eqos-gruppe.com\/wp-content\/uploads\/2022\/11\/HOCMS06010_Broschuere-Compliance-EQOS-DE.pdf\">\n\n\t\t\t\t\t\t\t\t\t\t\t\t<span class=\"elementor-icon-list-icon\">\n\t\t\t\t\t\t\t<i aria-hidden=\"true\" class=\"far fa-file-pdf\"><\/i>\t\t\t\t\t\t<\/span>\n\t\t\t\t\t\t\t\t\t\t<span class=\"elementor-icon-list-text\">Compliance Brosch\u00fcre \"Richtig handeln\" (de)<\/span>\n\t\t\t\t\t\t\t\t\t\t\t<\/a>\n\t\t\t\t\t\t\t\t\t<\/li>\n\t\t\t\t\t\t<\/ul>\n\t\t\t\t\t\t<\/div>\n\t\t\t\t<\/div>\n\t\t\t\t\t<\/div>\n\t\t<\/div>\n\t\t\t\t<div class=\"elementor-column elementor-col-50 elementor-top-column elementor-element elementor-element-83af020\" data-id=\"83af020\" data-element_type=\"column\" data-e-type=\"column\">\n\t\t\t<div class=\"elementor-widget-wrap\">\n\t\t\t\t\t\t\t<\/div>\n\t\t<\/div>\n\t\t\t\t\t<\/div>\n\t\t<\/section>\n\t\t\t\t<section class=\"elementor-section elementor-top-section elementor-element elementor-element-2fe1019a elementor-section-boxed elementor-section-height-default elementor-section-height-default\" data-id=\"2fe1019a\" data-element_type=\"section\" data-e-type=\"section\" data-settings=\"{&quot;background_background&quot;:&quot;classic&quot;}\">\n\t\t\t\t\t\t<div class=\"elementor-container elementor-column-gap-default\">\n\t\t\t\t\t<div class=\"elementor-column elementor-col-100 elementor-top-column elementor-element elementor-element-e236fc2\" data-id=\"e236fc2\" data-element_type=\"column\" data-e-type=\"column\">\n\t\t\t<div class=\"elementor-widget-wrap elementor-element-populated\">\n\t\t\t\t\t\t<div class=\"elementor-element elementor-element-1c88b8c2 elementor-widget elementor-widget-text-editor\" data-id=\"1c88b8c2\" data-element_type=\"widget\" data-e-type=\"widget\" data-widget_type=\"text-editor.default\">\n\t\t\t\t<div class=\"elementor-widget-container\">\n\t\t\t\t\t\t\t\t\t<p style=\"text-align: center\"><span style=\"color: #333333\">Vous souhaitez en savoir plus, demander de la documentation ou recevoir une offre ?<\/span><\/p>\t\t\t\t\t\t\t\t<\/div>\n\t\t\t\t<\/div>\n\t\t\t\t<div class=\"elementor-element elementor-element-7a86e3cc elementor-align-center elementor-widget elementor-widget-button\" data-id=\"7a86e3cc\" data-element_type=\"widget\" data-e-type=\"widget\" data-widget_type=\"button.default\">\n\t\t\t\t<div class=\"elementor-widget-container\">\n\t\t\t\t\t\t\t\t\t<div class=\"elementor-button-wrapper\">\n\t\t\t\t\t<a class=\"elementor-button elementor-button-link elementor-size-md\" href=\"https:\/\/eqos-gruppe.com\/fr\/contact\/?bereich=unternehmen\">\n\t\t\t\t\t\t<span class=\"elementor-button-content-wrapper\">\n\t\t\t\t\t\t\t\t\t<span class=\"elementor-button-text\">vers le formulaire de contact<\/span>\n\t\t\t\t\t<\/span>\n\t\t\t\t\t<\/a>\n\t\t\t\t<\/div>\n\t\t\t\t\t\t\t\t<\/div>\n\t\t\t\t<\/div>\n\t\t\t\t\t<\/div>\n\t\t<\/div>\n\t\t\t\t\t<\/div>\n\t\t<\/section>\n\t\t\t\t<\/div>\n\t\t","protected":false},"excerpt":{"rendered":"<p>Vous \u00eates \u00e0 la recherche de documents sp\u00e9cifiques concernant EQOS ? Dans ce cas, vous \u00eates au bon endroit dans la rubrique des t\u00e9l\u00e9chargements. Si vous avez besoin de la documentation ou d&#8217;images, vous les trouverez dans notre Mediacenter. Vous trouverez plus de d\u00e9tails sur notre logiciel MESPROVE pour l&#8217;\u00e9valuation et la documentation des courbes&#8230;<\/p>\n","protected":false},"author":1,"featured_media":14295,"parent":0,"menu_order":0,"comment_status":"closed","ping_status":"closed","template":"r-energy-elementor-page.php","meta":{"_acf_changed":false,"footnotes":""},"class_list":{"0":"post-16875","1":"page","2":"type-page","3":"status-publish","4":"has-post-thumbnail","5":"hentry","6":"nt-post-class","7":"","8":"masonry-item","9":"col-lg-4","13":"excerpt-none"},"acf":[],"yoast_head":"<!-- This site is optimized with the Yoast SEO plugin v27.3 - https:\/\/yoast.com\/product\/yoast-seo-wordpress\/ -->\n<title>T\u00e9l\u00e9chargements : Documents d&#039;entreprise, brochures &amp; d\u00e9pliants - EQOS<\/title>\n<meta name=\"description\" content=\"Dans la rubrique T\u00e9l\u00e9chargements, nous vous proposons diff\u00e9rents documents. Pour une s\u00e9lection rapide, nous avons pr\u00e9par\u00e9 des paquets sp\u00e9cifiques aux groupes cibles.\" \/>\n<meta name=\"robots\" content=\"index, follow, max-snippet:-1, max-image-preview:large, max-video-preview:-1\" \/>\n<link rel=\"canonical\" href=\"https:\/\/eqos-gruppe.com\/fr\/telechargements\/\" \/>\n<meta property=\"og:locale\" content=\"fr_FR\" \/>\n<meta property=\"og:type\" content=\"article\" \/>\n<meta property=\"og:title\" content=\"T\u00e9l\u00e9chargements : Documents d&#039;entreprise, brochures &amp; d\u00e9pliants - EQOS\" \/>\n<meta property=\"og:description\" content=\"Dans la rubrique T\u00e9l\u00e9chargements, nous vous proposons diff\u00e9rents documents. Pour une s\u00e9lection rapide, nous avons pr\u00e9par\u00e9 des paquets sp\u00e9cifiques aux groupes cibles.\" \/>\n<meta property=\"og:url\" content=\"https:\/\/eqos-gruppe.com\/fr\/telechargements\/\" \/>\n<meta property=\"og:site_name\" content=\"EQOS Gruppe\" \/>\n<meta property=\"article:modified_time\" content=\"2025-04-30T08:50:26+00:00\" \/>\n<meta property=\"og:image\" content=\"https:\/\/eqos-gruppe.com\/wp-content\/uploads\/2022\/05\/downloads.jpg\" \/>\n\t<meta property=\"og:image:width\" content=\"1920\" \/>\n\t<meta property=\"og:image:height\" content=\"768\" \/>\n\t<meta property=\"og:image:type\" content=\"image\/jpeg\" \/>\n<meta name=\"twitter:card\" content=\"summary_large_image\" \/>\n<meta name=\"twitter:label1\" content=\"Dur\u00e9e de lecture estim\u00e9e\" \/>\n\t<meta name=\"twitter:data1\" content=\"1 minute\" \/>\n<script type=\"application\/ld+json\" class=\"yoast-schema-graph\">{\"@context\":\"https:\\\/\\\/schema.org\",\"@graph\":[{\"@type\":\"WebPage\",\"@id\":\"https:\\\/\\\/eqos-gruppe.com\\\/fr\\\/telechargements\\\/\",\"url\":\"https:\\\/\\\/eqos-gruppe.com\\\/fr\\\/telechargements\\\/\",\"name\":\"T\u00e9l\u00e9chargements : Documents d'entreprise, brochures & d\u00e9pliants - EQOS\",\"isPartOf\":{\"@id\":\"https:\\\/\\\/eqos-gruppe.com\\\/fr\\\/#website\"},\"primaryImageOfPage\":{\"@id\":\"https:\\\/\\\/eqos-gruppe.com\\\/fr\\\/telechargements\\\/#primaryimage\"},\"image\":{\"@id\":\"https:\\\/\\\/eqos-gruppe.com\\\/fr\\\/telechargements\\\/#primaryimage\"},\"thumbnailUrl\":\"https:\\\/\\\/eqos-gruppe.com\\\/wp-content\\\/uploads\\\/2022\\\/05\\\/downloads.jpg\",\"datePublished\":\"2022-02-18T14:52:26+00:00\",\"dateModified\":\"2025-04-30T08:50:26+00:00\",\"description\":\"Dans la rubrique T\u00e9l\u00e9chargements, nous vous proposons diff\u00e9rents documents. Pour une s\u00e9lection rapide, nous avons pr\u00e9par\u00e9 des paquets sp\u00e9cifiques aux groupes cibles.\",\"breadcrumb\":{\"@id\":\"https:\\\/\\\/eqos-gruppe.com\\\/fr\\\/telechargements\\\/#breadcrumb\"},\"inLanguage\":\"fr-FR\",\"potentialAction\":[{\"@type\":\"ReadAction\",\"target\":[\"https:\\\/\\\/eqos-gruppe.com\\\/fr\\\/telechargements\\\/\"]}]},{\"@type\":\"ImageObject\",\"inLanguage\":\"fr-FR\",\"@id\":\"https:\\\/\\\/eqos-gruppe.com\\\/fr\\\/telechargements\\\/#primaryimage\",\"url\":\"https:\\\/\\\/eqos-gruppe.com\\\/wp-content\\\/uploads\\\/2022\\\/05\\\/downloads.jpg\",\"contentUrl\":\"https:\\\/\\\/eqos-gruppe.com\\\/wp-content\\\/uploads\\\/2022\\\/05\\\/downloads.jpg\",\"width\":1920,\"height\":768,\"caption\":\"Si vous avez besoin de fiches d'information ou d'images, vous les trouverez dans notre Mediacenter.\"},{\"@type\":\"BreadcrumbList\",\"@id\":\"https:\\\/\\\/eqos-gruppe.com\\\/fr\\\/telechargements\\\/#breadcrumb\",\"itemListElement\":[{\"@type\":\"ListItem\",\"position\":1,\"name\":\"Home\",\"item\":\"https:\\\/\\\/eqos-gruppe.com\\\/fr\\\/\"},{\"@type\":\"ListItem\",\"position\":2,\"name\":\"T\u00e9l\u00e9chargements\"}]},{\"@type\":\"WebSite\",\"@id\":\"https:\\\/\\\/eqos-gruppe.com\\\/fr\\\/#website\",\"url\":\"https:\\\/\\\/eqos-gruppe.com\\\/fr\\\/\",\"name\":\"EQOS Gruppe\",\"description\":\"\",\"publisher\":{\"@id\":\"https:\\\/\\\/eqos-gruppe.com\\\/fr\\\/#organization\"},\"potentialAction\":[{\"@type\":\"SearchAction\",\"target\":{\"@type\":\"EntryPoint\",\"urlTemplate\":\"https:\\\/\\\/eqos-gruppe.com\\\/fr\\\/?s={search_term_string}\"},\"query-input\":{\"@type\":\"PropertyValueSpecification\",\"valueRequired\":true,\"valueName\":\"search_term_string\"}}],\"inLanguage\":\"fr-FR\"},{\"@type\":\"Organization\",\"@id\":\"https:\\\/\\\/eqos-gruppe.com\\\/fr\\\/#organization\",\"name\":\"EQOS Gruppe\",\"url\":\"https:\\\/\\\/eqos-gruppe.com\\\/fr\\\/\",\"logo\":{\"@type\":\"ImageObject\",\"inLanguage\":\"fr-FR\",\"@id\":\"https:\\\/\\\/eqos-gruppe.com\\\/fr\\\/#\\\/schema\\\/logo\\\/image\\\/\",\"url\":\"https:\\\/\\\/eqos-gruppe.com\\\/wp-content\\\/uploads\\\/2021\\\/11\\\/eqos-logo.svg\",\"contentUrl\":\"https:\\\/\\\/eqos-gruppe.com\\\/wp-content\\\/uploads\\\/2021\\\/11\\\/eqos-logo.svg\",\"caption\":\"EQOS Gruppe\"},\"image\":{\"@id\":\"https:\\\/\\\/eqos-gruppe.com\\\/fr\\\/#\\\/schema\\\/logo\\\/image\\\/\"}}]}<\/script>\n<!-- \/ Yoast SEO plugin. -->","yoast_head_json":{"title":"T\u00e9l\u00e9chargements : Documents d'entreprise, brochures & d\u00e9pliants - EQOS","description":"Dans la rubrique T\u00e9l\u00e9chargements, nous vous proposons diff\u00e9rents documents. Pour une s\u00e9lection rapide, nous avons pr\u00e9par\u00e9 des paquets sp\u00e9cifiques aux groupes cibles.","robots":{"index":"index","follow":"follow","max-snippet":"max-snippet:-1","max-image-preview":"max-image-preview:large","max-video-preview":"max-video-preview:-1"},"canonical":"https:\/\/eqos-gruppe.com\/fr\/telechargements\/","og_locale":"fr_FR","og_type":"article","og_title":"T\u00e9l\u00e9chargements : Documents d'entreprise, brochures & d\u00e9pliants - EQOS","og_description":"Dans la rubrique T\u00e9l\u00e9chargements, nous vous proposons diff\u00e9rents documents. Pour une s\u00e9lection rapide, nous avons pr\u00e9par\u00e9 des paquets sp\u00e9cifiques aux groupes cibles.","og_url":"https:\/\/eqos-gruppe.com\/fr\/telechargements\/","og_site_name":"EQOS Gruppe","article_modified_time":"2025-04-30T08:50:26+00:00","og_image":[{"width":1920,"height":768,"url":"https:\/\/eqos-gruppe.com\/wp-content\/uploads\/2022\/05\/downloads.jpg","type":"image\/jpeg"}],"twitter_card":"summary_large_image","twitter_misc":{"Dur\u00e9e de lecture estim\u00e9e":"1 minute"},"schema":{"@context":"https:\/\/schema.org","@graph":[{"@type":"WebPage","@id":"https:\/\/eqos-gruppe.com\/fr\/telechargements\/","url":"https:\/\/eqos-gruppe.com\/fr\/telechargements\/","name":"T\u00e9l\u00e9chargements : Documents d'entreprise, brochures & d\u00e9pliants - EQOS","isPartOf":{"@id":"https:\/\/eqos-gruppe.com\/fr\/#website"},"primaryImageOfPage":{"@id":"https:\/\/eqos-gruppe.com\/fr\/telechargements\/#primaryimage"},"image":{"@id":"https:\/\/eqos-gruppe.com\/fr\/telechargements\/#primaryimage"},"thumbnailUrl":"https:\/\/eqos-gruppe.com\/wp-content\/uploads\/2022\/05\/downloads.jpg","datePublished":"2022-02-18T14:52:26+00:00","dateModified":"2025-04-30T08:50:26+00:00","description":"Dans la rubrique T\u00e9l\u00e9chargements, nous vous proposons diff\u00e9rents documents. Pour une s\u00e9lection rapide, nous avons pr\u00e9par\u00e9 des paquets sp\u00e9cifiques aux groupes cibles.","breadcrumb":{"@id":"https:\/\/eqos-gruppe.com\/fr\/telechargements\/#breadcrumb"},"inLanguage":"fr-FR","potentialAction":[{"@type":"ReadAction","target":["https:\/\/eqos-gruppe.com\/fr\/telechargements\/"]}]},{"@type":"ImageObject","inLanguage":"fr-FR","@id":"https:\/\/eqos-gruppe.com\/fr\/telechargements\/#primaryimage","url":"https:\/\/eqos-gruppe.com\/wp-content\/uploads\/2022\/05\/downloads.jpg","contentUrl":"https:\/\/eqos-gruppe.com\/wp-content\/uploads\/2022\/05\/downloads.jpg","width":1920,"height":768,"caption":"Si vous avez besoin de fiches d'information ou d'images, vous les trouverez dans notre Mediacenter."},{"@type":"BreadcrumbList","@id":"https:\/\/eqos-gruppe.com\/fr\/telechargements\/#breadcrumb","itemListElement":[{"@type":"ListItem","position":1,"name":"Home","item":"https:\/\/eqos-gruppe.com\/fr\/"},{"@type":"ListItem","position":2,"name":"T\u00e9l\u00e9chargements"}]},{"@type":"WebSite","@id":"https:\/\/eqos-gruppe.com\/fr\/#website","url":"https:\/\/eqos-gruppe.com\/fr\/","name":"EQOS Gruppe","description":"","publisher":{"@id":"https:\/\/eqos-gruppe.com\/fr\/#organization"},"potentialAction":[{"@type":"SearchAction","target":{"@type":"EntryPoint","urlTemplate":"https:\/\/eqos-gruppe.com\/fr\/?s={search_term_string}"},"query-input":{"@type":"PropertyValueSpecification","valueRequired":true,"valueName":"search_term_string"}}],"inLanguage":"fr-FR"},{"@type":"Organization","@id":"https:\/\/eqos-gruppe.com\/fr\/#organization","name":"EQOS Gruppe","url":"https:\/\/eqos-gruppe.com\/fr\/","logo":{"@type":"ImageObject","inLanguage":"fr-FR","@id":"https:\/\/eqos-gruppe.com\/fr\/#\/schema\/logo\/image\/","url":"https:\/\/eqos-gruppe.com\/wp-content\/uploads\/2021\/11\/eqos-logo.svg","contentUrl":"https:\/\/eqos-gruppe.com\/wp-content\/uploads\/2021\/11\/eqos-logo.svg","caption":"EQOS Gruppe"},"image":{"@id":"https:\/\/eqos-gruppe.com\/fr\/#\/schema\/logo\/image\/"}}]}},"_links":{"self":[{"href":"https:\/\/eqos-gruppe.com\/fr\/wp-json\/wp\/v2\/pages\/16875","targetHints":{"allow":["GET"]}}],"collection":[{"href":"https:\/\/eqos-gruppe.com\/fr\/wp-json\/wp\/v2\/pages"}],"about":[{"href":"https:\/\/eqos-gruppe.com\/fr\/wp-json\/wp\/v2\/types\/page"}],"author":[{"embeddable":true,"href":"https:\/\/eqos-gruppe.com\/fr\/wp-json\/wp\/v2\/users\/1"}],"replies":[{"embeddable":true,"href":"https:\/\/eqos-gruppe.com\/fr\/wp-json\/wp\/v2\/comments?post=16875"}],"version-history":[{"count":5,"href":"https:\/\/eqos-gruppe.com\/fr\/wp-json\/wp\/v2\/pages\/16875\/revisions"}],"predecessor-version":[{"id":22348,"href":"https:\/\/eqos-gruppe.com\/fr\/wp-json\/wp\/v2\/pages\/16875\/revisions\/22348"}],"wp:featuredmedia":[{"embeddable":true,"href":"https:\/\/eqos-gruppe.com\/fr\/wp-json\/wp\/v2\/media\/14295"}],"wp:attachment":[{"href":"https:\/\/eqos-gruppe.com\/fr\/wp-json\/wp\/v2\/media?parent=16875"}],"curies":[{"name":"wp","href":"https:\/\/api.w.org\/{rel}","templated":true}]}}