{"id":16871,"date":"2022-04-27T14:35:03","date_gmt":"2022-04-27T13:35:03","guid":{"rendered":"https:\/\/eqos-gruppe.com\/presse\/contact\/"},"modified":"2023-04-27T12:21:37","modified_gmt":"2023-04-27T11:21:37","slug":"contact","status":"publish","type":"page","link":"https:\/\/eqos-gruppe.com\/fr\/presse\/contact\/","title":{"rendered":"Contact"},"content":{"rendered":"\t\t<div data-elementor-type=\"wp-page\" data-elementor-id=\"16871\" class=\"elementor elementor-16871 elementor-12970\" data-elementor-post-type=\"page\">\n\t\t\t\t\t\t<section class=\"elementor-section elementor-top-section elementor-element elementor-element-3ee5352e elementor-section-height-min-height elementor-section-items-bottom elementor-section-boxed elementor-section-height-default\" data-id=\"3ee5352e\" data-element_type=\"section\" data-e-type=\"section\" data-settings=\"{&quot;background_background&quot;:&quot;classic&quot;}\">\n\t\t\t\t\t\t<div class=\"elementor-container elementor-column-gap-default\">\n\t\t\t\t\t<div class=\"elementor-column elementor-col-100 elementor-top-column elementor-element elementor-element-384ef59d\" data-id=\"384ef59d\" data-element_type=\"column\" data-e-type=\"column\" data-settings=\"{&quot;background_background&quot;:&quot;classic&quot;}\">\n\t\t\t<div class=\"elementor-widget-wrap elementor-element-populated\">\n\t\t\t\t\t\t<div class=\"elementor-element elementor-element-1d851b0f elementor-widget elementor-widget-heading\" data-id=\"1d851b0f\" data-element_type=\"widget\" data-e-type=\"widget\" id=\"landing-page-hero\" data-widget_type=\"heading.default\">\n\t\t\t\t<div class=\"elementor-widget-container\">\n\t\t\t\t\t<h1 class=\"elementor-heading-title elementor-size-xl\">Contact<\/h1>\t\t\t\t<\/div>\n\t\t\t\t<\/div>\n\t\t\t\t\t<\/div>\n\t\t<\/div>\n\t\t\t\t\t<\/div>\n\t\t<\/section>\n\t\t\t\t<section class=\"elementor-section elementor-top-section elementor-element elementor-element-e189ce3 elementor-section-boxed elementor-section-height-default elementor-section-height-default\" data-id=\"e189ce3\" data-element_type=\"section\" data-e-type=\"section\">\n\t\t\t\t\t\t<div class=\"elementor-container elementor-column-gap-default\">\n\t\t\t\t\t<div class=\"elementor-column elementor-col-100 elementor-top-column elementor-element elementor-element-a06db8c\" data-id=\"a06db8c\" data-element_type=\"column\" data-e-type=\"column\">\n\t\t\t<div class=\"elementor-widget-wrap elementor-element-populated\">\n\t\t\t\t\t\t<div class=\"elementor-element elementor-element-18546f1a elementor-widget elementor-widget-breadcrumbs\" data-id=\"18546f1a\" data-element_type=\"widget\" data-e-type=\"widget\" data-widget_type=\"breadcrumbs.default\">\n\t\t\t\t<div class=\"elementor-widget-container\">\n\t\t\t\t\t<p id=\"breadcrumbs\"><span><span><a href=\"https:\/\/eqos-gruppe.com\/fr\/\">Home<\/a><\/span><\/span><\/p>\t\t\t\t<\/div>\n\t\t\t\t<\/div>\n\t\t\t\t\t<\/div>\n\t\t<\/div>\n\t\t\t\t\t<\/div>\n\t\t<\/section>\n\t\t\t\t<section class=\"elementor-section elementor-top-section elementor-element elementor-element-3d1c87a6 elementor-section-boxed elementor-section-height-default elementor-section-height-default\" data-id=\"3d1c87a6\" data-element_type=\"section\" data-e-type=\"section\">\n\t\t\t\t\t\t<div class=\"elementor-container elementor-column-gap-default\">\n\t\t\t\t\t<div class=\"elementor-column elementor-col-100 elementor-top-column elementor-element elementor-element-1b423188\" data-id=\"1b423188\" data-element_type=\"column\" data-e-type=\"column\">\n\t\t\t<div class=\"elementor-widget-wrap elementor-element-populated\">\n\t\t\t\t\t\t<div class=\"elementor-element elementor-element-14fae7d6 elementor-widget elementor-widget-heading\" data-id=\"14fae7d6\" data-element_type=\"widget\" data-e-type=\"widget\" data-widget_type=\"heading.default\">\n\t\t\t\t<div class=\"elementor-widget-container\">\n\t\t\t\t\t<h1 class=\"elementor-heading-title elementor-size-xl\">Vos interlocuteurs dans le service de presse<\/h1>\t\t\t\t<\/div>\n\t\t\t\t<\/div>\n\t\t\t\t<div class=\"elementor-element elementor-element-7c0283f7 elementor-widget elementor-widget-text-editor\" data-id=\"7c0283f7\" data-element_type=\"widget\" data-e-type=\"widget\" data-widget_type=\"text-editor.default\">\n\t\t\t\t<div class=\"elementor-widget-container\">\n\t\t\t\t\t\t\t\t\t<p>Bienvenue dans le service de presse de EQOS. Les repr\u00e9sentants des m\u00e9dias sont invit\u00e9s \u00e0 adresser leurs demandes \u00e0 notre service de presse. Celui-ci se fera un plaisir de r\u00e9pondre rapidement et en direct aux questions.<\/p>\n\t\t\t\t\t\t\t\t<\/div>\n\t\t\t\t<\/div>\n\t\t\t\t\t<\/div>\n\t\t<\/div>\n\t\t\t\t\t<\/div>\n\t\t<\/section>\n\t\t\t\t<section class=\"elementor-section elementor-top-section elementor-element elementor-element-7ab31c6 elementor-section-boxed elementor-section-height-default elementor-section-height-default\" data-id=\"7ab31c6\" data-element_type=\"section\" data-e-type=\"section\">\n\t\t\t\t\t\t<div class=\"elementor-container elementor-column-gap-default\">\n\t\t\t\t\t<div class=\"elementor-column elementor-col-50 elementor-top-column elementor-element elementor-element-6124452\" data-id=\"6124452\" data-element_type=\"column\" data-e-type=\"column\">\n\t\t\t<div class=\"elementor-widget-wrap elementor-element-populated\">\n\t\t\t\t\t\t<div class=\"elementor-element elementor-element-83da4e7 elementor-widget elementor-widget-text-editor\" data-id=\"83da4e7\" data-element_type=\"widget\" data-e-type=\"widget\" data-widget_type=\"text-editor.default\">\n\t\t\t\t<div class=\"elementor-widget-container\">\n\t\t\t\t\t\t\t\t\t<p><strong>Responsable CU Marketing &amp; Corporate Communication<br \/><\/strong>Heike Carmen Flory<br \/>Bl\u00fccherstr. 72-74<br \/>58332 Schwelm<br \/>Allemagne<br \/>T +49 2336 4279-210<\/p>\n\t\t\t\t\t\t\t\t<\/div>\n\t\t\t\t<\/div>\n\t\t\t\t\t<\/div>\n\t\t<\/div>\n\t\t\t\t<div class=\"elementor-column elementor-col-50 elementor-top-column elementor-element elementor-element-863aa86\" data-id=\"863aa86\" data-element_type=\"column\" data-e-type=\"column\">\n\t\t\t<div class=\"elementor-widget-wrap elementor-element-populated\">\n\t\t\t\t\t\t<div class=\"elementor-element elementor-element-96c8bc0 elementor-widget elementor-widget-text-editor\" data-id=\"96c8bc0\" data-element_type=\"widget\" data-e-type=\"widget\" data-widget_type=\"text-editor.default\">\n\t\t\t\t<div class=\"elementor-widget-container\">\n\t\t\t\t\t\t\t\t\t<p><strong>PR- et Marketing Managerin<\/strong><br \/>Michelle Fiege<br \/>Bl\u00fccherstr. 72-74<br \/>58332 Schwelm<br \/>Allemagne<br \/>T +49 2336 4279-221<\/p>\n\t\t\t\t\t\t\t\t<\/div>\n\t\t\t\t<\/div>\n\t\t\t\t\t<\/div>\n\t\t<\/div>\n\t\t\t\t\t<\/div>\n\t\t<\/section>\n\t\t\t\t<\/div>\n\t\t","protected":false},"excerpt":{"rendered":"<p>Vos interlocuteurs dans le service de presse Bienvenue dans le service de presse de EQOS. Les repr\u00e9sentants des m\u00e9dias sont invit\u00e9s \u00e0 adresser leurs demandes \u00e0 notre service de presse. Celui-ci se fera un plaisir de r\u00e9pondre rapidement et en direct aux questions. Responsable CU Marketing &amp; Corporate CommunicationHeike Carmen FloryBl\u00fccherstr. 72-7458332 SchwelmAllemagneT +49 2336&#8230;<\/p>\n","protected":false},"author":1,"featured_media":13749,"parent":16869,"menu_order":0,"comment_status":"closed","ping_status":"closed","template":"r-energy-elementor-page.php","meta":{"_acf_changed":false,"footnotes":""},"class_list":{"0":"post-16871","1":"page","2":"type-page","3":"status-publish","4":"has-post-thumbnail","5":"hentry","6":"nt-post-class","7":"","8":"masonry-item","9":"col-lg-4","13":"excerpt-none"},"acf":[],"yoast_head":"<!-- This site is optimized with the Yoast SEO plugin v27.3 - https:\/\/yoast.com\/product\/yoast-seo-wordpress\/ -->\n<title>Contact - EQOS Gruppe<\/title>\n<meta name=\"robots\" content=\"index, follow, max-snippet:-1, max-image-preview:large, max-video-preview:-1\" \/>\n<link rel=\"canonical\" href=\"https:\/\/eqos-gruppe.com\/fr\/presse\/contact\/\" \/>\n<meta property=\"og:locale\" content=\"fr_FR\" \/>\n<meta property=\"og:type\" content=\"article\" \/>\n<meta property=\"og:title\" content=\"Contact - EQOS Gruppe\" \/>\n<meta property=\"og:description\" content=\"Vos interlocuteurs dans le service de presse Bienvenue dans le service de presse de EQOS. Les repr\u00e9sentants des m\u00e9dias sont invit\u00e9s \u00e0 adresser leurs demandes \u00e0 notre service de presse. Celui-ci se fera un plaisir de r\u00e9pondre rapidement et en direct aux questions. Responsable CU Marketing &amp; Corporate CommunicationHeike Carmen FloryBl\u00fccherstr. 72-7458332 SchwelmAllemagneT +49 2336...\" \/>\n<meta property=\"og:url\" content=\"https:\/\/eqos-gruppe.com\/fr\/presse\/contact\/\" \/>\n<meta property=\"og:site_name\" content=\"EQOS Gruppe\" \/>\n<meta property=\"article:modified_time\" content=\"2023-04-27T11:21:37+00:00\" \/>\n<meta property=\"og:image\" content=\"https:\/\/eqos-gruppe.com\/wp-content\/uploads\/2022\/05\/pressekontakt-klein.jpg\" \/>\n\t<meta property=\"og:image:width\" content=\"570\" \/>\n\t<meta property=\"og:image:height\" content=\"570\" \/>\n\t<meta property=\"og:image:type\" content=\"image\/jpeg\" \/>\n<meta name=\"twitter:card\" content=\"summary_large_image\" \/>\n<script type=\"application\/ld+json\" class=\"yoast-schema-graph\">{\"@context\":\"https:\\\/\\\/schema.org\",\"@graph\":[{\"@type\":\"WebPage\",\"@id\":\"https:\\\/\\\/eqos-gruppe.com\\\/fr\\\/presse\\\/contact\\\/\",\"url\":\"https:\\\/\\\/eqos-gruppe.com\\\/fr\\\/presse\\\/contact\\\/\",\"name\":\"Contact - EQOS Gruppe\",\"isPartOf\":{\"@id\":\"https:\\\/\\\/eqos-gruppe.com\\\/fr\\\/#website\"},\"primaryImageOfPage\":{\"@id\":\"https:\\\/\\\/eqos-gruppe.com\\\/fr\\\/presse\\\/contact\\\/#primaryimage\"},\"image\":{\"@id\":\"https:\\\/\\\/eqos-gruppe.com\\\/fr\\\/presse\\\/contact\\\/#primaryimage\"},\"thumbnailUrl\":\"https:\\\/\\\/eqos-gruppe.com\\\/wp-content\\\/uploads\\\/2022\\\/05\\\/pressekontakt-klein.jpg\",\"datePublished\":\"2022-04-27T13:35:03+00:00\",\"dateModified\":\"2023-04-27T11:21:37+00:00\",\"breadcrumb\":{\"@id\":\"https:\\\/\\\/eqos-gruppe.com\\\/fr\\\/presse\\\/contact\\\/#breadcrumb\"},\"inLanguage\":\"fr-FR\",\"potentialAction\":[{\"@type\":\"ReadAction\",\"target\":[\"https:\\\/\\\/eqos-gruppe.com\\\/fr\\\/presse\\\/contact\\\/\"]}]},{\"@type\":\"ImageObject\",\"inLanguage\":\"fr-FR\",\"@id\":\"https:\\\/\\\/eqos-gruppe.com\\\/fr\\\/presse\\\/contact\\\/#primaryimage\",\"url\":\"https:\\\/\\\/eqos-gruppe.com\\\/wp-content\\\/uploads\\\/2022\\\/05\\\/pressekontakt-klein.jpg\",\"contentUrl\":\"https:\\\/\\\/eqos-gruppe.com\\\/wp-content\\\/uploads\\\/2022\\\/05\\\/pressekontakt-klein.jpg\",\"width\":570,\"height\":570,\"caption\":\"EQOS Contact m\u00e9dias\"},{\"@type\":\"BreadcrumbList\",\"@id\":\"https:\\\/\\\/eqos-gruppe.com\\\/fr\\\/presse\\\/contact\\\/#breadcrumb\",\"itemListElement\":[{\"@type\":\"ListItem\",\"position\":1,\"name\":\"Home\",\"item\":\"https:\\\/\\\/eqos-gruppe.com\\\/fr\\\/\"},{\"@type\":\"ListItem\",\"position\":2,\"name\":\"Presse\",\"item\":\"https:\\\/\\\/eqos-gruppe.com\\\/fr\\\/presse\\\/\"},{\"@type\":\"ListItem\",\"position\":3,\"name\":\"Contact\"}]},{\"@type\":\"WebSite\",\"@id\":\"https:\\\/\\\/eqos-gruppe.com\\\/fr\\\/#website\",\"url\":\"https:\\\/\\\/eqos-gruppe.com\\\/fr\\\/\",\"name\":\"EQOS Gruppe\",\"description\":\"\",\"publisher\":{\"@id\":\"https:\\\/\\\/eqos-gruppe.com\\\/fr\\\/#organization\"},\"potentialAction\":[{\"@type\":\"SearchAction\",\"target\":{\"@type\":\"EntryPoint\",\"urlTemplate\":\"https:\\\/\\\/eqos-gruppe.com\\\/fr\\\/?s={search_term_string}\"},\"query-input\":{\"@type\":\"PropertyValueSpecification\",\"valueRequired\":true,\"valueName\":\"search_term_string\"}}],\"inLanguage\":\"fr-FR\"},{\"@type\":\"Organization\",\"@id\":\"https:\\\/\\\/eqos-gruppe.com\\\/fr\\\/#organization\",\"name\":\"EQOS Gruppe\",\"url\":\"https:\\\/\\\/eqos-gruppe.com\\\/fr\\\/\",\"logo\":{\"@type\":\"ImageObject\",\"inLanguage\":\"fr-FR\",\"@id\":\"https:\\\/\\\/eqos-gruppe.com\\\/fr\\\/#\\\/schema\\\/logo\\\/image\\\/\",\"url\":\"https:\\\/\\\/eqos-gruppe.com\\\/wp-content\\\/uploads\\\/2021\\\/11\\\/eqos-logo.svg\",\"contentUrl\":\"https:\\\/\\\/eqos-gruppe.com\\\/wp-content\\\/uploads\\\/2021\\\/11\\\/eqos-logo.svg\",\"caption\":\"EQOS Gruppe\"},\"image\":{\"@id\":\"https:\\\/\\\/eqos-gruppe.com\\\/fr\\\/#\\\/schema\\\/logo\\\/image\\\/\"}}]}<\/script>\n<!-- \/ Yoast SEO plugin. -->","yoast_head_json":{"title":"Contact - EQOS Gruppe","robots":{"index":"index","follow":"follow","max-snippet":"max-snippet:-1","max-image-preview":"max-image-preview:large","max-video-preview":"max-video-preview:-1"},"canonical":"https:\/\/eqos-gruppe.com\/fr\/presse\/contact\/","og_locale":"fr_FR","og_type":"article","og_title":"Contact - EQOS Gruppe","og_description":"Vos interlocuteurs dans le service de presse Bienvenue dans le service de presse de EQOS. Les repr\u00e9sentants des m\u00e9dias sont invit\u00e9s \u00e0 adresser leurs demandes \u00e0 notre service de presse. Celui-ci se fera un plaisir de r\u00e9pondre rapidement et en direct aux questions. Responsable CU Marketing &amp; Corporate CommunicationHeike Carmen FloryBl\u00fccherstr. 72-7458332 SchwelmAllemagneT +49 2336...","og_url":"https:\/\/eqos-gruppe.com\/fr\/presse\/contact\/","og_site_name":"EQOS Gruppe","article_modified_time":"2023-04-27T11:21:37+00:00","og_image":[{"width":570,"height":570,"url":"https:\/\/eqos-gruppe.com\/wp-content\/uploads\/2022\/05\/pressekontakt-klein.jpg","type":"image\/jpeg"}],"twitter_card":"summary_large_image","schema":{"@context":"https:\/\/schema.org","@graph":[{"@type":"WebPage","@id":"https:\/\/eqos-gruppe.com\/fr\/presse\/contact\/","url":"https:\/\/eqos-gruppe.com\/fr\/presse\/contact\/","name":"Contact - EQOS Gruppe","isPartOf":{"@id":"https:\/\/eqos-gruppe.com\/fr\/#website"},"primaryImageOfPage":{"@id":"https:\/\/eqos-gruppe.com\/fr\/presse\/contact\/#primaryimage"},"image":{"@id":"https:\/\/eqos-gruppe.com\/fr\/presse\/contact\/#primaryimage"},"thumbnailUrl":"https:\/\/eqos-gruppe.com\/wp-content\/uploads\/2022\/05\/pressekontakt-klein.jpg","datePublished":"2022-04-27T13:35:03+00:00","dateModified":"2023-04-27T11:21:37+00:00","breadcrumb":{"@id":"https:\/\/eqos-gruppe.com\/fr\/presse\/contact\/#breadcrumb"},"inLanguage":"fr-FR","potentialAction":[{"@type":"ReadAction","target":["https:\/\/eqos-gruppe.com\/fr\/presse\/contact\/"]}]},{"@type":"ImageObject","inLanguage":"fr-FR","@id":"https:\/\/eqos-gruppe.com\/fr\/presse\/contact\/#primaryimage","url":"https:\/\/eqos-gruppe.com\/wp-content\/uploads\/2022\/05\/pressekontakt-klein.jpg","contentUrl":"https:\/\/eqos-gruppe.com\/wp-content\/uploads\/2022\/05\/pressekontakt-klein.jpg","width":570,"height":570,"caption":"EQOS Contact m\u00e9dias"},{"@type":"BreadcrumbList","@id":"https:\/\/eqos-gruppe.com\/fr\/presse\/contact\/#breadcrumb","itemListElement":[{"@type":"ListItem","position":1,"name":"Home","item":"https:\/\/eqos-gruppe.com\/fr\/"},{"@type":"ListItem","position":2,"name":"Presse","item":"https:\/\/eqos-gruppe.com\/fr\/presse\/"},{"@type":"ListItem","position":3,"name":"Contact"}]},{"@type":"WebSite","@id":"https:\/\/eqos-gruppe.com\/fr\/#website","url":"https:\/\/eqos-gruppe.com\/fr\/","name":"EQOS Gruppe","description":"","publisher":{"@id":"https:\/\/eqos-gruppe.com\/fr\/#organization"},"potentialAction":[{"@type":"SearchAction","target":{"@type":"EntryPoint","urlTemplate":"https:\/\/eqos-gruppe.com\/fr\/?s={search_term_string}"},"query-input":{"@type":"PropertyValueSpecification","valueRequired":true,"valueName":"search_term_string"}}],"inLanguage":"fr-FR"},{"@type":"Organization","@id":"https:\/\/eqos-gruppe.com\/fr\/#organization","name":"EQOS Gruppe","url":"https:\/\/eqos-gruppe.com\/fr\/","logo":{"@type":"ImageObject","inLanguage":"fr-FR","@id":"https:\/\/eqos-gruppe.com\/fr\/#\/schema\/logo\/image\/","url":"https:\/\/eqos-gruppe.com\/wp-content\/uploads\/2021\/11\/eqos-logo.svg","contentUrl":"https:\/\/eqos-gruppe.com\/wp-content\/uploads\/2021\/11\/eqos-logo.svg","caption":"EQOS Gruppe"},"image":{"@id":"https:\/\/eqos-gruppe.com\/fr\/#\/schema\/logo\/image\/"}}]}},"_links":{"self":[{"href":"https:\/\/eqos-gruppe.com\/fr\/wp-json\/wp\/v2\/pages\/16871","targetHints":{"allow":["GET"]}}],"collection":[{"href":"https:\/\/eqos-gruppe.com\/fr\/wp-json\/wp\/v2\/pages"}],"about":[{"href":"https:\/\/eqos-gruppe.com\/fr\/wp-json\/wp\/v2\/types\/page"}],"author":[{"embeddable":true,"href":"https:\/\/eqos-gruppe.com\/fr\/wp-json\/wp\/v2\/users\/1"}],"replies":[{"embeddable":true,"href":"https:\/\/eqos-gruppe.com\/fr\/wp-json\/wp\/v2\/comments?post=16871"}],"version-history":[{"count":2,"href":"https:\/\/eqos-gruppe.com\/fr\/wp-json\/wp\/v2\/pages\/16871\/revisions"}],"predecessor-version":[{"id":19029,"href":"https:\/\/eqos-gruppe.com\/fr\/wp-json\/wp\/v2\/pages\/16871\/revisions\/19029"}],"up":[{"embeddable":true,"href":"https:\/\/eqos-gruppe.com\/fr\/wp-json\/wp\/v2\/pages\/16869"}],"wp:featuredmedia":[{"embeddable":true,"href":"https:\/\/eqos-gruppe.com\/fr\/wp-json\/wp\/v2\/media\/13749"}],"wp:attachment":[{"href":"https:\/\/eqos-gruppe.com\/fr\/wp-json\/wp\/v2\/media?parent=16871"}],"curies":[{"name":"wp","href":"https:\/\/api.w.org\/{rel}","templated":true}]}}