{"id":16270,"date":"2022-02-18T11:58:45","date_gmt":"2022-02-18T10:58:45","guid":{"rendered":"https:\/\/eqos-gruppe.com\/adresse-bibliographique\/"},"modified":"2025-12-16T13:49:47","modified_gmt":"2025-12-16T12:49:47","slug":"adresse-bibliographique","status":"publish","type":"page","link":"https:\/\/eqos-gruppe.com\/fr\/adresse-bibliographique\/","title":{"rendered":"Mentions l\u00e9gales"},"content":{"rendered":"\t\t<div data-elementor-type=\"wp-page\" data-elementor-id=\"16270\" class=\"elementor elementor-16270 elementor-7520\" data-elementor-post-type=\"page\">\n\t\t\t\t\t\t<section class=\"elementor-section elementor-top-section elementor-element elementor-element-6a02a0e7 elementor-section-height-min-height elementor-section-items-bottom elementor-section-boxed elementor-section-height-default\" data-id=\"6a02a0e7\" data-element_type=\"section\" data-e-type=\"section\" data-settings=\"{&quot;background_background&quot;:&quot;classic&quot;}\">\n\t\t\t\t\t\t<div class=\"elementor-container elementor-column-gap-default\">\n\t\t\t\t\t<div class=\"elementor-column elementor-col-100 elementor-top-column elementor-element elementor-element-6b80d185\" data-id=\"6b80d185\" data-element_type=\"column\" data-e-type=\"column\" data-settings=\"{&quot;background_background&quot;:&quot;classic&quot;}\">\n\t\t\t<div class=\"elementor-widget-wrap elementor-element-populated\">\n\t\t\t\t\t\t<div class=\"elementor-element elementor-element-22d3f310 elementor-widget elementor-widget-heading\" data-id=\"22d3f310\" data-element_type=\"widget\" data-e-type=\"widget\" data-widget_type=\"heading.default\">\n\t\t\t\t<div class=\"elementor-widget-container\">\n\t\t\t\t\t<h2 class=\"elementor-heading-title elementor-size-xl\">Mentions l\u00e9gales<\/h2>\t\t\t\t<\/div>\n\t\t\t\t<\/div>\n\t\t\t\t\t<\/div>\n\t\t<\/div>\n\t\t\t\t\t<\/div>\n\t\t<\/section>\n\t\t\t\t<section class=\"elementor-section elementor-top-section elementor-element elementor-element-243dcee elementor-section-boxed elementor-section-height-default elementor-section-height-default\" data-id=\"243dcee\" data-element_type=\"section\" data-e-type=\"section\">\n\t\t\t\t\t\t<div class=\"elementor-container elementor-column-gap-default\">\n\t\t\t\t\t<div class=\"elementor-column elementor-col-100 elementor-top-column elementor-element elementor-element-92a5bbc\" data-id=\"92a5bbc\" data-element_type=\"column\" data-e-type=\"column\">\n\t\t\t<div class=\"elementor-widget-wrap elementor-element-populated\">\n\t\t\t\t\t\t<div class=\"elementor-element elementor-element-96ad9c6 elementor-widget elementor-widget-text-editor\" data-id=\"96ad9c6\" data-element_type=\"widget\" data-e-type=\"widget\" data-widget_type=\"text-editor.default\">\n\t\t\t\t<div class=\"elementor-widget-container\">\n\t\t\t\t\t\t\t\t\t<h4>EQOS Energie Deutschland GmbH<\/h4><p>Wolfentalstra\u00dfe 29<br \/>88400 Biberach<br \/>Allemagne<br \/>T +49 7351 579-0<br \/>F +49 7351 579-1200<br \/>info-de[at]eqos-energie.com<\/p><p>G\u00e9rant &#8211; CEO :<br \/>Eric Mendel (Pr\u00e9sident), Carsten Kuhle, Thomas Reichel, Uwe Trampnau, Matthias Weber<br \/>Tribunal d&#8217;enregistrement: Ulm<br \/>HRB 641447<br \/>N\u00b0 de TVA intracommunautaire: DE 153 994 407<\/p><h4>Soci\u00e9t\u00e9 affili\u00e9e :<\/h4><p>EQOS Kommunikation GmbH<br \/>Warnstedter Stra\u00dfe 7<br \/>06502 Thale<br \/>Allemagne<br \/>T +49 3947 4008-0<br \/>F +49 3947 4008-20<\/p><p>G\u00e9rant &#8211; CEO :<br \/>Jan-Patrick G\u00f6ppert, Ren\u00e9 Ihl, Jens Lenk, Eric Mendel, Matthias Weber<br \/>Tribunal d&#8217;enregistrement: Stendal<br \/>HRB 103948<br \/>N\u00b0 de TVA intracommunautaire: DE 139 926 209<\/p><h4>Responsabilit\u00e9 en terme de contenu<\/h4><p>Heike Carmen Flory<br \/>Head of Marketing &amp; Corporate Communication<br \/>EQOS Energie Deutschland GmbH<br \/>Wolfentalstra\u00dfe 29<br \/>88400 Biberach<br \/>Allemagne<br \/>T +49 7351 579-0<br \/>F +49 7351 579-1200<\/p><h4>Droits d\u2019auteur<\/h4><p>\u00a9 Copyright EQOS Energie Deutschland GmbH<br \/>Tous droits r\u00e9serv\u00e9s. Les textes, images, graphiques, sons, animations et vid\u00e9os ainsi que leur disposition sur ce site web sont soumis \u00e0 la protection des droits d&#8217;auteur et autres lois de protection. Il est interdit d&#8217;utiliser le contenu de ce site ou une partie de celui-ci \u00e0 des fins commerciales ou priv\u00e9es sur d&#8217;autres sites Internet.<\/p><p>Photos: Adobe Stock, Daniel Stadler, EQOS, gettyimages, iStock. Des cr\u00e9dits photographiques sp\u00e9cifiques peuvent \u00eatre demand\u00e9s \u00e0 l&#8217;adresse press[at]eqos-energie.com .<\/p><h4>Marque commerciale<\/h4><p>Sauf stipulation contraire, toutes les marques commerciales figurant sur ce site Web sont prot\u00e9g\u00e9es par le droit de marque.<\/p><h4>Responsabilit\u00e9<\/h4><p>Dans la mesure o\u00f9 ce site Web renvoie \u00e0 des sites Internet exploit\u00e9s par tiers, EQOS Energie d\u00e9cline toute responsabilit\u00e9 pour le contenu de ces derniers, \u00e0 moins que EQOS Energie ait connaissance des contenus et qu\u2019il soit possible et acceptable du point de vue technique d\u2019emp\u00eacher l\u2019utilisation en cas de contenus illicites. L\u2019attention est attir\u00e9e sur le fait que les contenus des pages exploit\u00e9es par tiers sont des contenus \u00e9trangers qu\u00b4EQOS Energie ne s\u2019approprie explicitement pas et sur lesquels EQOS Energie n\u2019a aucune influence. Le prestataire respectif est responsable de ces contenus. EQOS Energie d\u00e9cline toute responsabilit\u00e9 pour d\u2019\u00e9ventuels d\u00e9g\u00e2ts r\u00e9sultant de l\u2019utilisation de ces contenus.<\/p><p>L\u2019utilisation d\u2019Internet a lieu aux propres risques de l\u2019utilisateur, EQOS Energie n\u2019est surtout pas responsable d\u2019une panne technique d\u2019Internet resp. de l\u2019acc\u00e8s \u00e0 Internet.<\/p><h4>R\u00e8glement des litiges de consommation\/organe universel de conciliation<\/h4><p>Nous ne sommes pas dispos\u00e9s ni oblig\u00e9s de participer \u00e0 des proc\u00e9dures de r\u00e8glement des litiges devant une commission de conciliation des consommateurs.<\/p>\t\t\t\t\t\t\t\t<\/div>\n\t\t\t\t<\/div>\n\t\t\t\t\t<\/div>\n\t\t<\/div>\n\t\t\t\t\t<\/div>\n\t\t<\/section>\n\t\t\t\t<\/div>\n\t\t","protected":false},"excerpt":{"rendered":"<p>EQOS Energie Deutschland GmbH Wolfentalstra\u00dfe 2988400 BiberachAllemagneT +49 7351 579-0F +49 7351 579-1200info-de[at]eqos-energie.com G\u00e9rant &#8211; CEO :Eric Mendel (Pr\u00e9sident), Carsten Kuhle, Thomas Reichel, Uwe Trampnau, Matthias WeberTribunal d&#8217;enregistrement: UlmHRB 641447N\u00b0 de TVA intracommunautaire: DE 153 994 407 Soci\u00e9t\u00e9 affili\u00e9e : EQOS Kommunikation GmbHWarnstedter Stra\u00dfe 706502 ThaleAllemagneT +49 3947 4008-0F +49 3947 4008-20 G\u00e9rant &#8211; CEO&#8230;<\/p>\n","protected":false},"author":1,"featured_media":14274,"parent":0,"menu_order":0,"comment_status":"closed","ping_status":"closed","template":"r-energy-elementor-page.php","meta":{"_acf_changed":false,"footnotes":""},"class_list":{"0":"post-16270","1":"page","2":"type-page","3":"status-publish","4":"has-post-thumbnail","5":"hentry","6":"nt-post-class","7":"","8":"masonry-item","9":"col-lg-4","13":"excerpt-none"},"acf":[],"yoast_head":"<!-- This site is optimized with the Yoast SEO plugin v27.3 - https:\/\/yoast.com\/product\/yoast-seo-wordpress\/ -->\n<title>Mentions l\u00e9gales - EQOS Allemagne<\/title>\n<meta name=\"description\" content=\"Avec ses mentions l\u00e9gales compl\u00e8tes, EQOS remplit son obligation d&#039;information \u00e9largie sur la base de la loi.\" \/>\n<meta name=\"robots\" content=\"index, follow, max-snippet:-1, max-image-preview:large, max-video-preview:-1\" \/>\n<link rel=\"canonical\" href=\"https:\/\/eqos-gruppe.com\/fr\/adresse-bibliographique\/\" \/>\n<meta property=\"og:locale\" content=\"fr_FR\" \/>\n<meta property=\"og:type\" content=\"article\" \/>\n<meta property=\"og:title\" content=\"Mentions l\u00e9gales - EQOS Allemagne\" \/>\n<meta property=\"og:description\" content=\"Avec ses mentions l\u00e9gales compl\u00e8tes, EQOS remplit son obligation d&#039;information \u00e9largie sur la base de la loi.\" \/>\n<meta property=\"og:url\" content=\"https:\/\/eqos-gruppe.com\/fr\/adresse-bibliographique\/\" \/>\n<meta property=\"og:site_name\" content=\"EQOS Gruppe\" \/>\n<meta property=\"article:modified_time\" content=\"2025-12-16T12:49:47+00:00\" \/>\n<meta property=\"og:image\" content=\"https:\/\/eqos-gruppe.com\/wp-content\/uploads\/2022\/05\/impressum.jpg\" \/>\n\t<meta property=\"og:image:width\" content=\"1920\" \/>\n\t<meta property=\"og:image:height\" content=\"768\" \/>\n\t<meta property=\"og:image:type\" content=\"image\/jpeg\" \/>\n<meta name=\"twitter:card\" content=\"summary_large_image\" \/>\n<meta name=\"twitter:label1\" content=\"Dur\u00e9e de lecture estim\u00e9e\" \/>\n\t<meta name=\"twitter:data1\" content=\"2 minutes\" \/>\n<script type=\"application\/ld+json\" class=\"yoast-schema-graph\">{\"@context\":\"https:\\\/\\\/schema.org\",\"@graph\":[{\"@type\":\"WebPage\",\"@id\":\"https:\\\/\\\/eqos-gruppe.com\\\/fr\\\/adresse-bibliographique\\\/\",\"url\":\"https:\\\/\\\/eqos-gruppe.com\\\/fr\\\/adresse-bibliographique\\\/\",\"name\":\"Mentions l\u00e9gales - EQOS Allemagne\",\"isPartOf\":{\"@id\":\"https:\\\/\\\/eqos-gruppe.com\\\/fr\\\/#website\"},\"primaryImageOfPage\":{\"@id\":\"https:\\\/\\\/eqos-gruppe.com\\\/fr\\\/adresse-bibliographique\\\/#primaryimage\"},\"image\":{\"@id\":\"https:\\\/\\\/eqos-gruppe.com\\\/fr\\\/adresse-bibliographique\\\/#primaryimage\"},\"thumbnailUrl\":\"https:\\\/\\\/eqos-gruppe.com\\\/wp-content\\\/uploads\\\/2022\\\/05\\\/impressum.jpg\",\"datePublished\":\"2022-02-18T10:58:45+00:00\",\"dateModified\":\"2025-12-16T12:49:47+00:00\",\"description\":\"Avec ses mentions l\u00e9gales compl\u00e8tes, EQOS remplit son obligation d'information \u00e9largie sur la base de la loi.\",\"breadcrumb\":{\"@id\":\"https:\\\/\\\/eqos-gruppe.com\\\/fr\\\/adresse-bibliographique\\\/#breadcrumb\"},\"inLanguage\":\"fr-FR\",\"potentialAction\":[{\"@type\":\"ReadAction\",\"target\":[\"https:\\\/\\\/eqos-gruppe.com\\\/fr\\\/adresse-bibliographique\\\/\"]}]},{\"@type\":\"ImageObject\",\"inLanguage\":\"fr-FR\",\"@id\":\"https:\\\/\\\/eqos-gruppe.com\\\/fr\\\/adresse-bibliographique\\\/#primaryimage\",\"url\":\"https:\\\/\\\/eqos-gruppe.com\\\/wp-content\\\/uploads\\\/2022\\\/05\\\/impressum.jpg\",\"contentUrl\":\"https:\\\/\\\/eqos-gruppe.com\\\/wp-content\\\/uploads\\\/2022\\\/05\\\/impressum.jpg\",\"width\":1920,\"height\":768,\"caption\":\"Die Kontaktdaten von EQOS\"},{\"@type\":\"BreadcrumbList\",\"@id\":\"https:\\\/\\\/eqos-gruppe.com\\\/fr\\\/adresse-bibliographique\\\/#breadcrumb\",\"itemListElement\":[{\"@type\":\"ListItem\",\"position\":1,\"name\":\"Home\",\"item\":\"https:\\\/\\\/eqos-gruppe.com\\\/fr\\\/\"},{\"@type\":\"ListItem\",\"position\":2,\"name\":\"Mentions l\u00e9gales\"}]},{\"@type\":\"WebSite\",\"@id\":\"https:\\\/\\\/eqos-gruppe.com\\\/fr\\\/#website\",\"url\":\"https:\\\/\\\/eqos-gruppe.com\\\/fr\\\/\",\"name\":\"EQOS Gruppe\",\"description\":\"\",\"publisher\":{\"@id\":\"https:\\\/\\\/eqos-gruppe.com\\\/fr\\\/#organization\"},\"potentialAction\":[{\"@type\":\"SearchAction\",\"target\":{\"@type\":\"EntryPoint\",\"urlTemplate\":\"https:\\\/\\\/eqos-gruppe.com\\\/fr\\\/?s={search_term_string}\"},\"query-input\":{\"@type\":\"PropertyValueSpecification\",\"valueRequired\":true,\"valueName\":\"search_term_string\"}}],\"inLanguage\":\"fr-FR\"},{\"@type\":\"Organization\",\"@id\":\"https:\\\/\\\/eqos-gruppe.com\\\/fr\\\/#organization\",\"name\":\"EQOS Gruppe\",\"url\":\"https:\\\/\\\/eqos-gruppe.com\\\/fr\\\/\",\"logo\":{\"@type\":\"ImageObject\",\"inLanguage\":\"fr-FR\",\"@id\":\"https:\\\/\\\/eqos-gruppe.com\\\/fr\\\/#\\\/schema\\\/logo\\\/image\\\/\",\"url\":\"https:\\\/\\\/eqos-gruppe.com\\\/wp-content\\\/uploads\\\/2021\\\/11\\\/eqos-logo.svg\",\"contentUrl\":\"https:\\\/\\\/eqos-gruppe.com\\\/wp-content\\\/uploads\\\/2021\\\/11\\\/eqos-logo.svg\",\"caption\":\"EQOS Gruppe\"},\"image\":{\"@id\":\"https:\\\/\\\/eqos-gruppe.com\\\/fr\\\/#\\\/schema\\\/logo\\\/image\\\/\"}}]}<\/script>\n<!-- \/ Yoast SEO plugin. -->","yoast_head_json":{"title":"Mentions l\u00e9gales - EQOS Allemagne","description":"Avec ses mentions l\u00e9gales compl\u00e8tes, EQOS remplit son obligation d'information \u00e9largie sur la base de la loi.","robots":{"index":"index","follow":"follow","max-snippet":"max-snippet:-1","max-image-preview":"max-image-preview:large","max-video-preview":"max-video-preview:-1"},"canonical":"https:\/\/eqos-gruppe.com\/fr\/adresse-bibliographique\/","og_locale":"fr_FR","og_type":"article","og_title":"Mentions l\u00e9gales - EQOS Allemagne","og_description":"Avec ses mentions l\u00e9gales compl\u00e8tes, EQOS remplit son obligation d'information \u00e9largie sur la base de la loi.","og_url":"https:\/\/eqos-gruppe.com\/fr\/adresse-bibliographique\/","og_site_name":"EQOS Gruppe","article_modified_time":"2025-12-16T12:49:47+00:00","og_image":[{"width":1920,"height":768,"url":"https:\/\/eqos-gruppe.com\/wp-content\/uploads\/2022\/05\/impressum.jpg","type":"image\/jpeg"}],"twitter_card":"summary_large_image","twitter_misc":{"Dur\u00e9e de lecture estim\u00e9e":"2 minutes"},"schema":{"@context":"https:\/\/schema.org","@graph":[{"@type":"WebPage","@id":"https:\/\/eqos-gruppe.com\/fr\/adresse-bibliographique\/","url":"https:\/\/eqos-gruppe.com\/fr\/adresse-bibliographique\/","name":"Mentions l\u00e9gales - EQOS Allemagne","isPartOf":{"@id":"https:\/\/eqos-gruppe.com\/fr\/#website"},"primaryImageOfPage":{"@id":"https:\/\/eqos-gruppe.com\/fr\/adresse-bibliographique\/#primaryimage"},"image":{"@id":"https:\/\/eqos-gruppe.com\/fr\/adresse-bibliographique\/#primaryimage"},"thumbnailUrl":"https:\/\/eqos-gruppe.com\/wp-content\/uploads\/2022\/05\/impressum.jpg","datePublished":"2022-02-18T10:58:45+00:00","dateModified":"2025-12-16T12:49:47+00:00","description":"Avec ses mentions l\u00e9gales compl\u00e8tes, EQOS remplit son obligation d'information \u00e9largie sur la base de la loi.","breadcrumb":{"@id":"https:\/\/eqos-gruppe.com\/fr\/adresse-bibliographique\/#breadcrumb"},"inLanguage":"fr-FR","potentialAction":[{"@type":"ReadAction","target":["https:\/\/eqos-gruppe.com\/fr\/adresse-bibliographique\/"]}]},{"@type":"ImageObject","inLanguage":"fr-FR","@id":"https:\/\/eqos-gruppe.com\/fr\/adresse-bibliographique\/#primaryimage","url":"https:\/\/eqos-gruppe.com\/wp-content\/uploads\/2022\/05\/impressum.jpg","contentUrl":"https:\/\/eqos-gruppe.com\/wp-content\/uploads\/2022\/05\/impressum.jpg","width":1920,"height":768,"caption":"Die Kontaktdaten von EQOS"},{"@type":"BreadcrumbList","@id":"https:\/\/eqos-gruppe.com\/fr\/adresse-bibliographique\/#breadcrumb","itemListElement":[{"@type":"ListItem","position":1,"name":"Home","item":"https:\/\/eqos-gruppe.com\/fr\/"},{"@type":"ListItem","position":2,"name":"Mentions l\u00e9gales"}]},{"@type":"WebSite","@id":"https:\/\/eqos-gruppe.com\/fr\/#website","url":"https:\/\/eqos-gruppe.com\/fr\/","name":"EQOS Gruppe","description":"","publisher":{"@id":"https:\/\/eqos-gruppe.com\/fr\/#organization"},"potentialAction":[{"@type":"SearchAction","target":{"@type":"EntryPoint","urlTemplate":"https:\/\/eqos-gruppe.com\/fr\/?s={search_term_string}"},"query-input":{"@type":"PropertyValueSpecification","valueRequired":true,"valueName":"search_term_string"}}],"inLanguage":"fr-FR"},{"@type":"Organization","@id":"https:\/\/eqos-gruppe.com\/fr\/#organization","name":"EQOS Gruppe","url":"https:\/\/eqos-gruppe.com\/fr\/","logo":{"@type":"ImageObject","inLanguage":"fr-FR","@id":"https:\/\/eqos-gruppe.com\/fr\/#\/schema\/logo\/image\/","url":"https:\/\/eqos-gruppe.com\/wp-content\/uploads\/2021\/11\/eqos-logo.svg","contentUrl":"https:\/\/eqos-gruppe.com\/wp-content\/uploads\/2021\/11\/eqos-logo.svg","caption":"EQOS Gruppe"},"image":{"@id":"https:\/\/eqos-gruppe.com\/fr\/#\/schema\/logo\/image\/"}}]}},"_links":{"self":[{"href":"https:\/\/eqos-gruppe.com\/fr\/wp-json\/wp\/v2\/pages\/16270","targetHints":{"allow":["GET"]}}],"collection":[{"href":"https:\/\/eqos-gruppe.com\/fr\/wp-json\/wp\/v2\/pages"}],"about":[{"href":"https:\/\/eqos-gruppe.com\/fr\/wp-json\/wp\/v2\/types\/page"}],"author":[{"embeddable":true,"href":"https:\/\/eqos-gruppe.com\/fr\/wp-json\/wp\/v2\/users\/1"}],"replies":[{"embeddable":true,"href":"https:\/\/eqos-gruppe.com\/fr\/wp-json\/wp\/v2\/comments?post=16270"}],"version-history":[{"count":7,"href":"https:\/\/eqos-gruppe.com\/fr\/wp-json\/wp\/v2\/pages\/16270\/revisions"}],"predecessor-version":[{"id":21420,"href":"https:\/\/eqos-gruppe.com\/fr\/wp-json\/wp\/v2\/pages\/16270\/revisions\/21420"}],"wp:featuredmedia":[{"embeddable":true,"href":"https:\/\/eqos-gruppe.com\/fr\/wp-json\/wp\/v2\/media\/14274"}],"wp:attachment":[{"href":"https:\/\/eqos-gruppe.com\/fr\/wp-json\/wp\/v2\/media?parent=16270"}],"curies":[{"name":"wp","href":"https:\/\/api.w.org\/{rel}","templated":true}]}}